{"id":64847,"date":"2025-11-11T11:44:11","date_gmt":"2025-11-11T10:44:11","guid":{"rendered":"https:\/\/www.ernstbrunn-apotheke.at\/katalog\/produkt\/hyaluron-sonnenpflege-koerper-150-ml-lsf-30-creme\/"},"modified":"2025-12-08T17:43:58","modified_gmt":"2025-12-08T16:43:58","slug":"hyaluron-sonnenpflege-koerper-150-ml-lsf-30-creme","status":"publish","type":"product","link":"https:\/\/www.ernstbrunn-apotheke.at\/katalog\/produkt\/hyaluron-sonnenpflege-koerper-150-ml-lsf-30-creme\/","title":{"rendered":"Hyaluron Sonnenpflege K\u00f6rper 150 ml LSF 30 Creme"},"content":{"rendered":"<p>Hyaloron Sonnenpflege K\u00f6rper LSF 30 sch\u00fctzt, spendet Feuchtigkeit, strafft und festigt die Haut. Die Pflege bietet sensiblen und empfindlichen Hauttypen hohe Sicherheit und Hautschutz bei intensiver Sonneneinstrahlung. Der enthaltene Wirkkomplex mit Hyalurons\u00e4ure in pharmazeutisch reiner Qualit\u00e4t und Anti-Aging-Effekt gleicht den Feuchtigkeitsverlust der Haut ideal aus, strafft und festigt die K\u00f6rpersilhouette<\/p>\n","protected":false},"excerpt":{"rendered":"<p>Hyaloron Sonnenpflege K\u00f6rper LSF 30 sch\u00fctzt, spendet Feuchtigkeit, strafft und festigt die Haut. Die Pflege bietet sensiblen und empfindlichen Hauttypen hohe Sicherheit und Hautschutz bei intensiver Sonneneinstrahlung. Der enthaltene Wirkkomplex mit Hyalurons\u00e4ure in pharmazeutisch reiner Qualit\u00e4t und Anti-Aging-Effekt gleicht den Feuchtigkeitsverlust der Haut ideal aus, strafft und festigt die K\u00f6rpersilhouette<\/p>\n","protected":false},"featured_media":64849,"template":"","meta":{"_acf_changed":false},"product_brand":[],"product_cat":[805],"product_tag":[],"class_list":{"0":"post-64847","1":"product","2":"type-product","3":"status-publish","4":"has-post-thumbnail","6":"product_cat-h","7":"pa_packungsgroesse-150ml","9":"first","10":"instock","11":"shipping-taxable","12":"purchasable","13":"product-type-simple"},"acf":[],"_links":{"self":[{"href":"https:\/\/www.ernstbrunn-apotheke.at\/katalog\/wp-json\/wp\/v2\/product\/64847","targetHints":{"allow":["GET"]}}],"collection":[{"href":"https:\/\/www.ernstbrunn-apotheke.at\/katalog\/wp-json\/wp\/v2\/product"}],"about":[{"href":"https:\/\/www.ernstbrunn-apotheke.at\/katalog\/wp-json\/wp\/v2\/types\/product"}],"wp:featuredmedia":[{"embeddable":true,"href":"https:\/\/www.ernstbrunn-apotheke.at\/katalog\/wp-json\/wp\/v2\/media\/64849"}],"wp:attachment":[{"href":"https:\/\/www.ernstbrunn-apotheke.at\/katalog\/wp-json\/wp\/v2\/media?parent=64847"}],"wp:term":[{"taxonomy":"product_brand","embeddable":true,"href":"https:\/\/www.ernstbrunn-apotheke.at\/katalog\/wp-json\/wp\/v2\/product_brand?post=64847"},{"taxonomy":"product_cat","embeddable":true,"href":"https:\/\/www.ernstbrunn-apotheke.at\/katalog\/wp-json\/wp\/v2\/product_cat?post=64847"},{"taxonomy":"product_tag","embeddable":true,"href":"https:\/\/www.ernstbrunn-apotheke.at\/katalog\/wp-json\/wp\/v2\/product_tag?post=64847"}],"curies":[{"name":"wp","href":"https:\/\/api.w.org\/{rel}","templated":true}]}}