{"id":64824,"date":"2025-11-11T11:43:03","date_gmt":"2025-11-11T10:43:03","guid":{"rendered":"https:\/\/www.ernstbrunn-apotheke.at\/katalog\/produkt\/vitamin-b3-kapseln-100mg\/"},"modified":"2025-12-08T17:43:52","modified_gmt":"2025-12-08T16:43:52","slug":"vitamin-b3-kapseln-100mg","status":"publish","type":"product","link":"https:\/\/www.ernstbrunn-apotheke.at\/katalog\/produkt\/vitamin-b3-kapseln-100mg\/","title":{"rendered":"Vitamin B3 Kapseln 100mg"},"content":{"rendered":"<p>Gall Pharma Vitamin B 3 100 mg Kapseln 60 Stk. enthalten 100 mg Nicotins\u00e4ure in einer Hartgelatinekapsel. Niacin hat vielf\u00e4ltige Funktionen im menschlichen K\u00f6rper und ist entscheidend f\u00fcr die Funktionen des Herzens, der Nerven und den Energiestoffwechsel. Gesamt ist Niacin f\u00fcr die Funktion von \u00fcber 200 Enzymen im ganzen K\u00f6rper notwendig. Es ist wichtig f\u00fcr die Biosynthese von Verbindungen wie Fetts\u00e4uren und Steroiden und unerl\u00e4sslich f\u00fcr die Energieproduktion. Es spielt eine bedeutende Rolle im antioxidativen System des K\u00f6rpers und in der Aufrechterhaltung der Funktionen von Haut, Muskelgewebe, Nerven- und Verdauungssystem \u2013 profitieren Sie von hohen Rabatten und dem gro\u00dfen Sortiment einer Standortapotheke!<\/p>\n","protected":false},"excerpt":{"rendered":"<p>Gall Pharma Vitamin B 3 100 mg Kapseln 60 Stk. enthalten 100 mg Nicotins\u00e4ure in einer Hartgelatinekapsel. Niacin hat vielf\u00e4ltige Funktionen im menschlichen K\u00f6rper und ist entscheidend f\u00fcr die Funktionen des Herzens, der Nerven und den Energiestoffwechsel. Gesamt ist Niacin f\u00fcr die Funktion von \u00fcber 200 Enzymen im ganzen K\u00f6rper notwendig. Es ist wichtig f\u00fcr [&hellip;]<\/p>\n","protected":false},"featured_media":64826,"template":"","meta":{"_acf_changed":false},"product_brand":[371],"product_cat":[799],"product_tag":[],"class_list":{"0":"post-64824","1":"product","2":"type-product","3":"status-publish","4":"has-post-thumbnail","6":"product_brand-gall-pharma","7":"product_cat-v","8":"pa_packungsgroesse-60-stueck","10":"first","11":"instock","12":"shipping-taxable","13":"purchasable","14":"product-type-simple"},"acf":[],"_links":{"self":[{"href":"https:\/\/www.ernstbrunn-apotheke.at\/katalog\/wp-json\/wp\/v2\/product\/64824","targetHints":{"allow":["GET"]}}],"collection":[{"href":"https:\/\/www.ernstbrunn-apotheke.at\/katalog\/wp-json\/wp\/v2\/product"}],"about":[{"href":"https:\/\/www.ernstbrunn-apotheke.at\/katalog\/wp-json\/wp\/v2\/types\/product"}],"wp:featuredmedia":[{"embeddable":true,"href":"https:\/\/www.ernstbrunn-apotheke.at\/katalog\/wp-json\/wp\/v2\/media\/64826"}],"wp:attachment":[{"href":"https:\/\/www.ernstbrunn-apotheke.at\/katalog\/wp-json\/wp\/v2\/media?parent=64824"}],"wp:term":[{"taxonomy":"product_brand","embeddable":true,"href":"https:\/\/www.ernstbrunn-apotheke.at\/katalog\/wp-json\/wp\/v2\/product_brand?post=64824"},{"taxonomy":"product_cat","embeddable":true,"href":"https:\/\/www.ernstbrunn-apotheke.at\/katalog\/wp-json\/wp\/v2\/product_cat?post=64824"},{"taxonomy":"product_tag","embeddable":true,"href":"https:\/\/www.ernstbrunn-apotheke.at\/katalog\/wp-json\/wp\/v2\/product_tag?post=64824"}],"curies":[{"name":"wp","href":"https:\/\/api.w.org\/{rel}","templated":true}]}}