{"id":64753,"date":"2025-11-11T11:42:22","date_gmt":"2025-11-11T10:42:22","guid":{"rendered":"https:\/\/www.ernstbrunn-apotheke.at\/katalog\/produkt\/opc-traubenkernextrakt-kapseln-medifit-90-stk\/"},"modified":"2025-12-08T17:43:33","modified_gmt":"2025-12-08T16:43:33","slug":"opc-traubenkernextrakt-kapseln-medifit-90-stk","status":"publish","type":"product","link":"https:\/\/www.ernstbrunn-apotheke.at\/katalog\/produkt\/opc-traubenkernextrakt-kapseln-medifit-90-stk\/","title":{"rendered":"OPC Traubenkernextrakt Kapseln Medifit 90 Stk."},"content":{"rendered":"<p>OPC Traubenkernextrakt Kapseln Medifit sind ein Nahrungserg\u00e4nzungsmittel mit Vitamin C in einer Basis von OPC-reichem Traubenkernextrakt, Taurin und Kieselerde. Vitamin C leistet einen Beitrag zu einer normalen Kollagenbildung f\u00fcr eine normale Funktion der Blutgef\u00e4\u00dfe, der Knochen und Knorpel, des Zahnfleischs sowie der Haut und Z\u00e4hne.<\/p>\n","protected":false},"excerpt":{"rendered":"<p>OPC Traubenkernextrakt Kapseln Medifit sind ein Nahrungserg\u00e4nzungsmittel mit Vitamin C in einer Basis von OPC-reichem Traubenkernextrakt, Taurin und Kieselerde. Vitamin C leistet einen Beitrag zu einer normalen Kollagenbildung f\u00fcr eine normale Funktion der Blutgef\u00e4\u00dfe, der Knochen und Knorpel, des Zahnfleischs sowie der Haut und Z\u00e4hne.<\/p>\n","protected":false},"featured_media":64755,"template":"","meta":{"_acf_changed":false},"product_brand":[],"product_cat":[819],"product_tag":[],"class_list":{"0":"post-64753","1":"product","2":"type-product","3":"status-publish","4":"has-post-thumbnail","6":"product_cat-o","7":"pa_packungsgroesse-90-stueck","9":"first","10":"instock","11":"shipping-taxable","12":"purchasable","13":"product-type-simple"},"acf":[],"_links":{"self":[{"href":"https:\/\/www.ernstbrunn-apotheke.at\/katalog\/wp-json\/wp\/v2\/product\/64753","targetHints":{"allow":["GET"]}}],"collection":[{"href":"https:\/\/www.ernstbrunn-apotheke.at\/katalog\/wp-json\/wp\/v2\/product"}],"about":[{"href":"https:\/\/www.ernstbrunn-apotheke.at\/katalog\/wp-json\/wp\/v2\/types\/product"}],"wp:featuredmedia":[{"embeddable":true,"href":"https:\/\/www.ernstbrunn-apotheke.at\/katalog\/wp-json\/wp\/v2\/media\/64755"}],"wp:attachment":[{"href":"https:\/\/www.ernstbrunn-apotheke.at\/katalog\/wp-json\/wp\/v2\/media?parent=64753"}],"wp:term":[{"taxonomy":"product_brand","embeddable":true,"href":"https:\/\/www.ernstbrunn-apotheke.at\/katalog\/wp-json\/wp\/v2\/product_brand?post=64753"},{"taxonomy":"product_cat","embeddable":true,"href":"https:\/\/www.ernstbrunn-apotheke.at\/katalog\/wp-json\/wp\/v2\/product_cat?post=64753"},{"taxonomy":"product_tag","embeddable":true,"href":"https:\/\/www.ernstbrunn-apotheke.at\/katalog\/wp-json\/wp\/v2\/product_tag?post=64753"}],"curies":[{"name":"wp","href":"https:\/\/api.w.org\/{rel}","templated":true}]}}