{"id":64748,"date":"2025-11-11T11:42:22","date_gmt":"2025-11-11T10:42:22","guid":{"rendered":"https:\/\/www.ernstbrunn-apotheke.at\/katalog\/produkt\/kneipp-schaeumendes-badesalz-abschalten-80-g\/"},"modified":"2025-12-08T17:43:30","modified_gmt":"2025-12-08T16:43:30","slug":"kneipp-schaeumendes-badesalz-abschalten-80-g","status":"publish","type":"product","link":"https:\/\/www.ernstbrunn-apotheke.at\/katalog\/produkt\/kneipp-schaeumendes-badesalz-abschalten-80-g\/","title":{"rendered":"Kneipp Sch\u00e4umendes Badesalz Abschalten 80 g"},"content":{"rendered":"<p>Kneipp Sch\u00e4umendes Badesalz Abschalten 80 g mit wertvollem Frangipani-Extrakt und nat\u00fcrlichem \u00e4therischem \u00d6l entf\u00fchrt Sie in exotische Duftwelten. Pflegendes Moringa\u00f6l sch\u00fctzt Ihre Haut vor dem Austrocknen. Entfliehen Sie dem Alltag und genie\u00dfen Sie einen Kurzurlaub in Ihrem Badezimmer &#8211; jetzt online bestellen<\/p>\n","protected":false},"excerpt":{"rendered":"<p>Kneipp Sch\u00e4umendes Badesalz Abschalten 80 g mit wertvollem Frangipani-Extrakt und nat\u00fcrlichem \u00e4therischem \u00d6l entf\u00fchrt Sie in exotische Duftwelten. Pflegendes Moringa\u00f6l sch\u00fctzt Ihre Haut vor dem Austrocknen. Entfliehen Sie dem Alltag und genie\u00dfen Sie einen Kurzurlaub in Ihrem Badezimmer &#8211; jetzt online bestellen<\/p>\n","protected":false},"featured_media":64750,"template":"","meta":{"_acf_changed":false},"product_brand":[662],"product_cat":[807],"product_tag":[],"class_list":{"0":"post-64748","1":"product","2":"type-product","3":"status-publish","4":"has-post-thumbnail","6":"product_brand-kneipp","7":"product_cat-k","8":"pa_packungsgroesse-80g","10":"first","11":"instock","12":"shipping-taxable","13":"purchasable","14":"product-type-simple"},"acf":[],"_links":{"self":[{"href":"https:\/\/www.ernstbrunn-apotheke.at\/katalog\/wp-json\/wp\/v2\/product\/64748","targetHints":{"allow":["GET"]}}],"collection":[{"href":"https:\/\/www.ernstbrunn-apotheke.at\/katalog\/wp-json\/wp\/v2\/product"}],"about":[{"href":"https:\/\/www.ernstbrunn-apotheke.at\/katalog\/wp-json\/wp\/v2\/types\/product"}],"wp:featuredmedia":[{"embeddable":true,"href":"https:\/\/www.ernstbrunn-apotheke.at\/katalog\/wp-json\/wp\/v2\/media\/64750"}],"wp:attachment":[{"href":"https:\/\/www.ernstbrunn-apotheke.at\/katalog\/wp-json\/wp\/v2\/media?parent=64748"}],"wp:term":[{"taxonomy":"product_brand","embeddable":true,"href":"https:\/\/www.ernstbrunn-apotheke.at\/katalog\/wp-json\/wp\/v2\/product_brand?post=64748"},{"taxonomy":"product_cat","embeddable":true,"href":"https:\/\/www.ernstbrunn-apotheke.at\/katalog\/wp-json\/wp\/v2\/product_cat?post=64748"},{"taxonomy":"product_tag","embeddable":true,"href":"https:\/\/www.ernstbrunn-apotheke.at\/katalog\/wp-json\/wp\/v2\/product_tag?post=64748"}],"curies":[{"name":"wp","href":"https:\/\/api.w.org\/{rel}","templated":true}]}}