{"id":64631,"date":"2025-11-11T11:39:07","date_gmt":"2025-11-11T10:39:07","guid":{"rendered":"https:\/\/www.ernstbrunn-apotheke.at\/katalog\/produkt\/fertilovit-f-pcos\/"},"modified":"2025-12-08T17:42:57","modified_gmt":"2025-12-08T16:42:57","slug":"fertilovit-f-pcos","status":"publish","type":"product","link":"https:\/\/www.ernstbrunn-apotheke.at\/katalog\/produkt\/fertilovit-f-pcos\/","title":{"rendered":"Fertilovit F PCOS"},"content":{"rendered":"<p>Frauenmit PCOS leiden durch einen erh\u00f6hten Spiegel m\u00e4nnlicher Hormone im Blut oftmalsunter St\u00f6rungen der Eizellreifung mit unregelm\u00e4\u00dfigen bis fehlendenMenstruationsblutungen. H\u00e4ufig tritt auch Insulinresistenz auf. Dies f\u00fchrt zueinem spezifisch erh\u00f6hten Bedarf an Vitaminen, Mineralstoffen und weiterenStoffen. Inositol, Chrom, N-Acetyl-L-Cystein, DHA und EPA in Kombination mithochdosierter Fols\u00e4ure und weiteren N\u00e4hrstoffen decken diesen Bedarf undunterst\u00fctzen damit Frauen mit PCOS und Kinderwunsch..<\/p>\n","protected":false},"excerpt":{"rendered":"<p>Frauenmit PCOS leiden durch einen erh\u00f6hten Spiegel m\u00e4nnlicher Hormone im Blut oftmalsunter St\u00f6rungen der Eizellreifung mit unregelm\u00e4\u00dfigen bis fehlendenMenstruationsblutungen. H\u00e4ufig tritt auch Insulinresistenz auf. Dies f\u00fchrt zueinem spezifisch erh\u00f6hten Bedarf an Vitaminen, Mineralstoffen und weiterenStoffen. Inositol, Chrom, N-Acetyl-L-Cystein, DHA und EPA in Kombination mithochdosierter Fols\u00e4ure und weiteren N\u00e4hrstoffen decken diesen Bedarf undunterst\u00fctzen damit Frauen mit [&hellip;]<\/p>\n","protected":false},"featured_media":64633,"template":"","meta":{"_acf_changed":false},"product_brand":[],"product_cat":[809],"product_tag":[],"class_list":{"0":"post-64631","1":"product","2":"type-product","3":"status-publish","4":"has-post-thumbnail","6":"product_cat-f","7":"pa_packungsgroesse-90-stueck","9":"first","10":"instock","11":"shipping-taxable","12":"purchasable","13":"product-type-simple"},"acf":[],"_links":{"self":[{"href":"https:\/\/www.ernstbrunn-apotheke.at\/katalog\/wp-json\/wp\/v2\/product\/64631","targetHints":{"allow":["GET"]}}],"collection":[{"href":"https:\/\/www.ernstbrunn-apotheke.at\/katalog\/wp-json\/wp\/v2\/product"}],"about":[{"href":"https:\/\/www.ernstbrunn-apotheke.at\/katalog\/wp-json\/wp\/v2\/types\/product"}],"wp:featuredmedia":[{"embeddable":true,"href":"https:\/\/www.ernstbrunn-apotheke.at\/katalog\/wp-json\/wp\/v2\/media\/64633"}],"wp:attachment":[{"href":"https:\/\/www.ernstbrunn-apotheke.at\/katalog\/wp-json\/wp\/v2\/media?parent=64631"}],"wp:term":[{"taxonomy":"product_brand","embeddable":true,"href":"https:\/\/www.ernstbrunn-apotheke.at\/katalog\/wp-json\/wp\/v2\/product_brand?post=64631"},{"taxonomy":"product_cat","embeddable":true,"href":"https:\/\/www.ernstbrunn-apotheke.at\/katalog\/wp-json\/wp\/v2\/product_cat?post=64631"},{"taxonomy":"product_tag","embeddable":true,"href":"https:\/\/www.ernstbrunn-apotheke.at\/katalog\/wp-json\/wp\/v2\/product_tag?post=64631"}],"curies":[{"name":"wp","href":"https:\/\/api.w.org\/{rel}","templated":true}]}}