{"id":64625,"date":"2025-11-11T11:39:07","date_gmt":"2025-11-11T10:39:07","guid":{"rendered":"https:\/\/www.ernstbrunn-apotheke.at\/katalog\/produkt\/lensilux-all-in-one-kombi-balsam-mit-behaelter-360-ml\/"},"modified":"2025-12-08T17:42:54","modified_gmt":"2025-12-08T16:42:54","slug":"lensilux-all-in-one-kombi-balsam-mit-behaelter-360-ml","status":"publish","type":"product","link":"https:\/\/www.ernstbrunn-apotheke.at\/katalog\/produkt\/lensilux-all-in-one-kombi-balsam-mit-behaelter-360-ml\/","title":{"rendered":"Lensilux All-in-one Kombi Balsam mit Beh\u00e4lter 360 ml"},"content":{"rendered":"<p>Lensilux All-in-one Kombi Balsam mit Beh\u00e4lter ist die ideale Kombil\u00f6sung f\u00fcr die Pflege und Aufbewahrung Ihrer weicher Kontaktlinsen. Das multifunktionale Kontaktlinsenmittel verbindet die Reinigung, die Desinfektion und das Absp\u00fclen von weichen Kontaktlinsen in einem einzigen Produkt. Zus\u00e4tzlich dient die L\u00f6sung auch zur Benetzung der Oberfl\u00e4chen.<\/p>\n","protected":false},"excerpt":{"rendered":"<p>Lensilux All-in-one Kombi Balsam mit Beh\u00e4lter ist die ideale Kombil\u00f6sung f\u00fcr die Pflege und Aufbewahrung Ihrer weicher Kontaktlinsen. Das multifunktionale Kontaktlinsenmittel verbindet die Reinigung, die Desinfektion und das Absp\u00fclen von weichen Kontaktlinsen in einem einzigen Produkt. Zus\u00e4tzlich dient die L\u00f6sung auch zur Benetzung der Oberfl\u00e4chen.<\/p>\n","protected":false},"featured_media":64627,"template":"","meta":{"_acf_changed":false},"product_brand":[],"product_cat":[795],"product_tag":[],"class_list":{"0":"post-64625","1":"product","2":"type-product","3":"status-publish","4":"has-post-thumbnail","6":"product_cat-l","7":"pa_packungsgroesse-360ml","9":"first","10":"instock","11":"shipping-taxable","12":"purchasable","13":"product-type-simple"},"acf":[],"_links":{"self":[{"href":"https:\/\/www.ernstbrunn-apotheke.at\/katalog\/wp-json\/wp\/v2\/product\/64625","targetHints":{"allow":["GET"]}}],"collection":[{"href":"https:\/\/www.ernstbrunn-apotheke.at\/katalog\/wp-json\/wp\/v2\/product"}],"about":[{"href":"https:\/\/www.ernstbrunn-apotheke.at\/katalog\/wp-json\/wp\/v2\/types\/product"}],"wp:featuredmedia":[{"embeddable":true,"href":"https:\/\/www.ernstbrunn-apotheke.at\/katalog\/wp-json\/wp\/v2\/media\/64627"}],"wp:attachment":[{"href":"https:\/\/www.ernstbrunn-apotheke.at\/katalog\/wp-json\/wp\/v2\/media?parent=64625"}],"wp:term":[{"taxonomy":"product_brand","embeddable":true,"href":"https:\/\/www.ernstbrunn-apotheke.at\/katalog\/wp-json\/wp\/v2\/product_brand?post=64625"},{"taxonomy":"product_cat","embeddable":true,"href":"https:\/\/www.ernstbrunn-apotheke.at\/katalog\/wp-json\/wp\/v2\/product_cat?post=64625"},{"taxonomy":"product_tag","embeddable":true,"href":"https:\/\/www.ernstbrunn-apotheke.at\/katalog\/wp-json\/wp\/v2\/product_tag?post=64625"}],"curies":[{"name":"wp","href":"https:\/\/api.w.org\/{rel}","templated":true}]}}