{"id":64546,"date":"2025-11-11T11:37:51","date_gmt":"2025-11-11T10:37:51","guid":{"rendered":"https:\/\/www.ernstbrunn-apotheke.at\/katalog\/produkt\/apopharm-bachblueten-rescue-pastillen-50-g-schwarze-johannisbeere\/"},"modified":"2025-12-08T17:42:35","modified_gmt":"2025-12-08T16:42:35","slug":"apopharm-bachblueten-rescue-pastillen-50-g-schwarze-johannisbeere","status":"publish","type":"product","link":"https:\/\/www.ernstbrunn-apotheke.at\/katalog\/produkt\/apopharm-bachblueten-rescue-pastillen-50-g-schwarze-johannisbeere\/","title":{"rendered":"Apopharm Bachbl\u00fcten Rescue Pastillen 50 g Schwarze Johannisbeere"},"content":{"rendered":"<p>Apopharm Bachbl\u00fcten Rescue Pastillen eignen sich besonders f\u00fcr Kinder oder f\u00fcr unterwegs. Sie spenden wohltuenden Genuss in vielen anspruchsvollen Alltagssituationen, wie etwa in der Schule oder auch im B\u00fcro. Alkohol- und zuckerfrei.<\/p>\n","protected":false},"excerpt":{"rendered":"<p>Apopharm Bachbl\u00fcten Rescue Pastillen eignen sich besonders f\u00fcr Kinder oder f\u00fcr unterwegs. Sie spenden wohltuenden Genuss in vielen anspruchsvollen Alltagssituationen, wie etwa in der Schule oder auch im B\u00fcro. Alkohol- und zuckerfrei.<\/p>\n","protected":false},"featured_media":64548,"template":"","meta":{"_acf_changed":false},"product_brand":[],"product_cat":[801],"product_tag":[],"class_list":{"0":"post-64546","1":"product","2":"type-product","3":"status-publish","4":"has-post-thumbnail","6":"product_cat-a","7":"pa_packungsgroesse-50g","9":"first","10":"instock","11":"shipping-taxable","12":"purchasable","13":"product-type-simple"},"acf":[],"_links":{"self":[{"href":"https:\/\/www.ernstbrunn-apotheke.at\/katalog\/wp-json\/wp\/v2\/product\/64546","targetHints":{"allow":["GET"]}}],"collection":[{"href":"https:\/\/www.ernstbrunn-apotheke.at\/katalog\/wp-json\/wp\/v2\/product"}],"about":[{"href":"https:\/\/www.ernstbrunn-apotheke.at\/katalog\/wp-json\/wp\/v2\/types\/product"}],"wp:featuredmedia":[{"embeddable":true,"href":"https:\/\/www.ernstbrunn-apotheke.at\/katalog\/wp-json\/wp\/v2\/media\/64548"}],"wp:attachment":[{"href":"https:\/\/www.ernstbrunn-apotheke.at\/katalog\/wp-json\/wp\/v2\/media?parent=64546"}],"wp:term":[{"taxonomy":"product_brand","embeddable":true,"href":"https:\/\/www.ernstbrunn-apotheke.at\/katalog\/wp-json\/wp\/v2\/product_brand?post=64546"},{"taxonomy":"product_cat","embeddable":true,"href":"https:\/\/www.ernstbrunn-apotheke.at\/katalog\/wp-json\/wp\/v2\/product_cat?post=64546"},{"taxonomy":"product_tag","embeddable":true,"href":"https:\/\/www.ernstbrunn-apotheke.at\/katalog\/wp-json\/wp\/v2\/product_tag?post=64546"}],"curies":[{"name":"wp","href":"https:\/\/api.w.org\/{rel}","templated":true}]}}