{"id":64501,"date":"2025-11-11T11:37:18","date_gmt":"2025-11-11T10:37:18","guid":{"rendered":"https:\/\/www.ernstbrunn-apotheke.at\/katalog\/produkt\/kneipp-badekristalle-schlaf-schoen-60-g\/"},"modified":"2025-12-08T17:42:20","modified_gmt":"2025-12-08T16:42:20","slug":"kneipp-badekristalle-schlaf-schoen-60-g","status":"publish","type":"product","link":"https:\/\/www.ernstbrunn-apotheke.at\/katalog\/produkt\/kneipp-badekristalle-schlaf-schoen-60-g\/","title":{"rendered":"Kneipp Badekristalle Sch(l)af sch\u00f6n 60 g"},"content":{"rendered":"<p>Kneipp Badekristalle Sch(l)af sch\u00f6n 60 g mit einem Duft, der zum Einschlummern einl\u00e4dt, und nat\u00fcrlichem \u00e4therischen \u00d6l, sowie die Extrakte aus Mondscheinblume und Malve helfen Ihnen, sich auf die Nacht vorzubereiten. Das blau-lila Badewasser l\u00e4sst Sie zus\u00e4tzlich entspannen<\/p>\n","protected":false},"excerpt":{"rendered":"<p>Kneipp Badekristalle Sch(l)af sch\u00f6n 60 g mit einem Duft, der zum Einschlummern einl\u00e4dt, und nat\u00fcrlichem \u00e4therischen \u00d6l, sowie die Extrakte aus Mondscheinblume und Malve helfen Ihnen, sich auf die Nacht vorzubereiten. Das blau-lila Badewasser l\u00e4sst Sie zus\u00e4tzlich entspannen<\/p>\n","protected":false},"featured_media":64503,"template":"","meta":{"_acf_changed":false},"product_brand":[662],"product_cat":[807],"product_tag":[],"class_list":{"0":"post-64501","1":"product","2":"type-product","3":"status-publish","4":"has-post-thumbnail","6":"product_brand-kneipp","7":"product_cat-k","8":"pa_packungsgroesse-60g","10":"first","11":"instock","12":"shipping-taxable","13":"purchasable","14":"product-type-simple"},"acf":[],"_links":{"self":[{"href":"https:\/\/www.ernstbrunn-apotheke.at\/katalog\/wp-json\/wp\/v2\/product\/64501","targetHints":{"allow":["GET"]}}],"collection":[{"href":"https:\/\/www.ernstbrunn-apotheke.at\/katalog\/wp-json\/wp\/v2\/product"}],"about":[{"href":"https:\/\/www.ernstbrunn-apotheke.at\/katalog\/wp-json\/wp\/v2\/types\/product"}],"wp:featuredmedia":[{"embeddable":true,"href":"https:\/\/www.ernstbrunn-apotheke.at\/katalog\/wp-json\/wp\/v2\/media\/64503"}],"wp:attachment":[{"href":"https:\/\/www.ernstbrunn-apotheke.at\/katalog\/wp-json\/wp\/v2\/media?parent=64501"}],"wp:term":[{"taxonomy":"product_brand","embeddable":true,"href":"https:\/\/www.ernstbrunn-apotheke.at\/katalog\/wp-json\/wp\/v2\/product_brand?post=64501"},{"taxonomy":"product_cat","embeddable":true,"href":"https:\/\/www.ernstbrunn-apotheke.at\/katalog\/wp-json\/wp\/v2\/product_cat?post=64501"},{"taxonomy":"product_tag","embeddable":true,"href":"https:\/\/www.ernstbrunn-apotheke.at\/katalog\/wp-json\/wp\/v2\/product_tag?post=64501"}],"curies":[{"name":"wp","href":"https:\/\/api.w.org\/{rel}","templated":true}]}}