{"id":64481,"date":"2025-11-11T11:37:18","date_gmt":"2025-11-11T10:37:18","guid":{"rendered":"https:\/\/www.ernstbrunn-apotheke.at\/katalog\/produkt\/fresubin-energy-drink-4-stk-waldfrucht\/"},"modified":"2025-12-08T17:42:13","modified_gmt":"2025-12-08T16:42:13","slug":"fresubin-energy-drink-4-stk-waldfrucht","status":"publish","type":"product","link":"https:\/\/www.ernstbrunn-apotheke.at\/katalog\/produkt\/fresubin-energy-drink-4-stk-waldfrucht\/","title":{"rendered":"Fresubin Energy DRINK 4 Stk. Waldfrucht"},"content":{"rendered":"<p>Fresubin Energy DRINK &#8211; Gro\u00dfe energiereiche Auswahl f\u00fcr jeden Geschmack. Zum Di\u00e4tmanagement bei Patienten mit bestehender oder drohender Mangelern\u00e4hrung, insbesondere bei erh\u00f6htem Energiebedarf.<\/p>\n","protected":false},"excerpt":{"rendered":"<p>Fresubin Energy DRINK &#8211; Gro\u00dfe energiereiche Auswahl f\u00fcr jeden Geschmack. Zum Di\u00e4tmanagement bei Patienten mit bestehender oder drohender Mangelern\u00e4hrung, insbesondere bei erh\u00f6htem Energiebedarf.<\/p>\n","protected":false},"featured_media":64483,"template":"","meta":{"_acf_changed":false},"product_brand":[],"product_cat":[809],"product_tag":[],"class_list":{"0":"post-64481","1":"product","2":"type-product","3":"status-publish","4":"has-post-thumbnail","6":"product_cat-f","7":"pa_packungsgroesse-4-stueck","9":"first","10":"instock","11":"shipping-taxable","12":"purchasable","13":"product-type-simple"},"acf":[],"_links":{"self":[{"href":"https:\/\/www.ernstbrunn-apotheke.at\/katalog\/wp-json\/wp\/v2\/product\/64481","targetHints":{"allow":["GET"]}}],"collection":[{"href":"https:\/\/www.ernstbrunn-apotheke.at\/katalog\/wp-json\/wp\/v2\/product"}],"about":[{"href":"https:\/\/www.ernstbrunn-apotheke.at\/katalog\/wp-json\/wp\/v2\/types\/product"}],"wp:featuredmedia":[{"embeddable":true,"href":"https:\/\/www.ernstbrunn-apotheke.at\/katalog\/wp-json\/wp\/v2\/media\/64483"}],"wp:attachment":[{"href":"https:\/\/www.ernstbrunn-apotheke.at\/katalog\/wp-json\/wp\/v2\/media?parent=64481"}],"wp:term":[{"taxonomy":"product_brand","embeddable":true,"href":"https:\/\/www.ernstbrunn-apotheke.at\/katalog\/wp-json\/wp\/v2\/product_brand?post=64481"},{"taxonomy":"product_cat","embeddable":true,"href":"https:\/\/www.ernstbrunn-apotheke.at\/katalog\/wp-json\/wp\/v2\/product_cat?post=64481"},{"taxonomy":"product_tag","embeddable":true,"href":"https:\/\/www.ernstbrunn-apotheke.at\/katalog\/wp-json\/wp\/v2\/product_tag?post=64481"}],"curies":[{"name":"wp","href":"https:\/\/api.w.org\/{rel}","templated":true}]}}