{"id":64419,"date":"2025-11-11T11:36:01","date_gmt":"2025-11-11T10:36:01","guid":{"rendered":"https:\/\/www.ernstbrunn-apotheke.at\/katalog\/produkt\/collagen-hydrolysat-hyaluronsaeure-kapseln-2\/"},"modified":"2025-12-08T17:41:44","modified_gmt":"2025-12-08T16:41:44","slug":"collagen-hydrolysat-hyaluronsaeure-kapseln-2","status":"publish","type":"product","link":"https:\/\/www.ernstbrunn-apotheke.at\/katalog\/produkt\/collagen-hydrolysat-hyaluronsaeure-kapseln-2\/","title":{"rendered":"Collagen Hydrolysat &#8211; Hyalurons\u00e4ure Kapseln"},"content":{"rendered":"<p>Gall Pharma Hyalurons\u00e4ure Collagen Hydrolysat Kapseln 60 Stk. enthalten 50 mg Hyalurons\u00e4ure und 125 mg Collagen Hydrolysat und unterst\u00fctzen in dieser Kombination die Gesunderhaltung und Beweglichkeit der Gelenke sowie die Regeneration des Hautbildes. Vor allem mit zunehmendem Alter verliert die Haut an Elastizit\u00e4t und wird trockener, Collagen und Hyalurons\u00e4ure sorgen f\u00fcr die Festigkeit und Elastizit\u00e4t der Haut und stellen gute Feuchtigkeitsspender dar.<\/p>\n","protected":false},"excerpt":{"rendered":"<p>Gall Pharma Hyalurons\u00e4ure Collagen Hydrolysat Kapseln 60 Stk. enthalten 50 mg Hyalurons\u00e4ure und 125 mg Collagen Hydrolysat und unterst\u00fctzen in dieser Kombination die Gesunderhaltung und Beweglichkeit der Gelenke sowie die Regeneration des Hautbildes. Vor allem mit zunehmendem Alter verliert die Haut an Elastizit\u00e4t und wird trockener, Collagen und Hyalurons\u00e4ure sorgen f\u00fcr die Festigkeit und Elastizit\u00e4t [&hellip;]<\/p>\n","protected":false},"featured_media":64421,"template":"","meta":{"_acf_changed":false},"product_brand":[371],"product_cat":[812],"product_tag":[],"class_list":{"0":"post-64419","1":"product","2":"type-product","3":"status-publish","4":"has-post-thumbnail","6":"product_brand-gall-pharma","7":"product_cat-c","8":"pa_packungsgroesse-60-stueck","10":"first","11":"instock","12":"shipping-taxable","13":"purchasable","14":"product-type-simple"},"acf":[],"_links":{"self":[{"href":"https:\/\/www.ernstbrunn-apotheke.at\/katalog\/wp-json\/wp\/v2\/product\/64419","targetHints":{"allow":["GET"]}}],"collection":[{"href":"https:\/\/www.ernstbrunn-apotheke.at\/katalog\/wp-json\/wp\/v2\/product"}],"about":[{"href":"https:\/\/www.ernstbrunn-apotheke.at\/katalog\/wp-json\/wp\/v2\/types\/product"}],"wp:featuredmedia":[{"embeddable":true,"href":"https:\/\/www.ernstbrunn-apotheke.at\/katalog\/wp-json\/wp\/v2\/media\/64421"}],"wp:attachment":[{"href":"https:\/\/www.ernstbrunn-apotheke.at\/katalog\/wp-json\/wp\/v2\/media?parent=64419"}],"wp:term":[{"taxonomy":"product_brand","embeddable":true,"href":"https:\/\/www.ernstbrunn-apotheke.at\/katalog\/wp-json\/wp\/v2\/product_brand?post=64419"},{"taxonomy":"product_cat","embeddable":true,"href":"https:\/\/www.ernstbrunn-apotheke.at\/katalog\/wp-json\/wp\/v2\/product_cat?post=64419"},{"taxonomy":"product_tag","embeddable":true,"href":"https:\/\/www.ernstbrunn-apotheke.at\/katalog\/wp-json\/wp\/v2\/product_tag?post=64419"}],"curies":[{"name":"wp","href":"https:\/\/api.w.org\/{rel}","templated":true}]}}