{"id":64331,"date":"2025-11-11T11:34:32","date_gmt":"2025-11-11T10:34:32","guid":{"rendered":"https:\/\/www.ernstbrunn-apotheke.at\/katalog\/produkt\/holle-bio-vollkorn-babymuesli-250-g\/"},"modified":"2025-12-08T17:41:21","modified_gmt":"2025-12-08T16:41:21","slug":"holle-bio-vollkorn-babymuesli-250-g","status":"publish","type":"product","link":"https:\/\/www.ernstbrunn-apotheke.at\/katalog\/produkt\/holle-bio-vollkorn-babymuesli-250-g\/","title":{"rendered":"Holle BIO-Vollkorn Babym\u00fcsli 250 g"},"content":{"rendered":"<p>Holle BIO-Vollkorn Babym\u00fcsli eignet sich besonders gut f\u00fcr den Beginn mit Beikost, fr\u00fchestens ab dem 6. Lebensmonat als Teil einer gemischten Ern\u00e4hrung.<\/p>\n","protected":false},"excerpt":{"rendered":"<p>Holle BIO-Vollkorn Babym\u00fcsli eignet sich besonders gut f\u00fcr den Beginn mit Beikost, fr\u00fchestens ab dem 6. Lebensmonat als Teil einer gemischten Ern\u00e4hrung.<\/p>\n","protected":false},"featured_media":64333,"template":"","meta":{"_acf_changed":false},"product_brand":[],"product_cat":[805],"product_tag":[],"class_list":{"0":"post-64331","1":"product","2":"type-product","3":"status-publish","4":"has-post-thumbnail","6":"product_cat-h","7":"pa_packungsgroesse-250g","9":"first","10":"instock","11":"shipping-taxable","12":"purchasable","13":"product-type-simple"},"acf":[],"_links":{"self":[{"href":"https:\/\/www.ernstbrunn-apotheke.at\/katalog\/wp-json\/wp\/v2\/product\/64331","targetHints":{"allow":["GET"]}}],"collection":[{"href":"https:\/\/www.ernstbrunn-apotheke.at\/katalog\/wp-json\/wp\/v2\/product"}],"about":[{"href":"https:\/\/www.ernstbrunn-apotheke.at\/katalog\/wp-json\/wp\/v2\/types\/product"}],"wp:featuredmedia":[{"embeddable":true,"href":"https:\/\/www.ernstbrunn-apotheke.at\/katalog\/wp-json\/wp\/v2\/media\/64333"}],"wp:attachment":[{"href":"https:\/\/www.ernstbrunn-apotheke.at\/katalog\/wp-json\/wp\/v2\/media?parent=64331"}],"wp:term":[{"taxonomy":"product_brand","embeddable":true,"href":"https:\/\/www.ernstbrunn-apotheke.at\/katalog\/wp-json\/wp\/v2\/product_brand?post=64331"},{"taxonomy":"product_cat","embeddable":true,"href":"https:\/\/www.ernstbrunn-apotheke.at\/katalog\/wp-json\/wp\/v2\/product_cat?post=64331"},{"taxonomy":"product_tag","embeddable":true,"href":"https:\/\/www.ernstbrunn-apotheke.at\/katalog\/wp-json\/wp\/v2\/product_tag?post=64331"}],"curies":[{"name":"wp","href":"https:\/\/api.w.org\/{rel}","templated":true}]}}