{"id":64298,"date":"2025-11-11T11:33:11","date_gmt":"2025-11-11T10:33:11","guid":{"rendered":"https:\/\/www.ernstbrunn-apotheke.at\/katalog\/produkt\/tiroler-steinoel-seife-100-g-original\/"},"modified":"2025-12-08T17:41:14","modified_gmt":"2025-12-08T16:41:14","slug":"tiroler-steinoel-seife-100-g-original","status":"publish","type":"product","link":"https:\/\/www.ernstbrunn-apotheke.at\/katalog\/produkt\/tiroler-steinoel-seife-100-g-original\/","title":{"rendered":"Tiroler Stein\u00f6l Seife 100 g Original"},"content":{"rendered":"<p>Tiroler Stein\u00f6l Seife zur schonenden, regelm\u00e4\u00dfigen Pflege und Reinigung empfindlicher, fettiger und unreiner Haut  besonders bei jugendlichen Hautproblemen<\/p>\n","protected":false},"excerpt":{"rendered":"<p>Tiroler Stein\u00f6l Seife zur schonenden, regelm\u00e4\u00dfigen Pflege und Reinigung empfindlicher, fettiger und unreiner Haut besonders bei jugendlichen Hautproblemen<\/p>\n","protected":false},"featured_media":64300,"template":"","meta":{"_acf_changed":false},"product_brand":[],"product_cat":[798],"product_tag":[],"class_list":{"0":"post-64298","1":"product","2":"type-product","3":"status-publish","4":"has-post-thumbnail","6":"product_cat-t","7":"pa_packungsgroesse-100g","9":"first","10":"instock","11":"shipping-taxable","12":"purchasable","13":"product-type-simple"},"acf":[],"_links":{"self":[{"href":"https:\/\/www.ernstbrunn-apotheke.at\/katalog\/wp-json\/wp\/v2\/product\/64298","targetHints":{"allow":["GET"]}}],"collection":[{"href":"https:\/\/www.ernstbrunn-apotheke.at\/katalog\/wp-json\/wp\/v2\/product"}],"about":[{"href":"https:\/\/www.ernstbrunn-apotheke.at\/katalog\/wp-json\/wp\/v2\/types\/product"}],"wp:featuredmedia":[{"embeddable":true,"href":"https:\/\/www.ernstbrunn-apotheke.at\/katalog\/wp-json\/wp\/v2\/media\/64300"}],"wp:attachment":[{"href":"https:\/\/www.ernstbrunn-apotheke.at\/katalog\/wp-json\/wp\/v2\/media?parent=64298"}],"wp:term":[{"taxonomy":"product_brand","embeddable":true,"href":"https:\/\/www.ernstbrunn-apotheke.at\/katalog\/wp-json\/wp\/v2\/product_brand?post=64298"},{"taxonomy":"product_cat","embeddable":true,"href":"https:\/\/www.ernstbrunn-apotheke.at\/katalog\/wp-json\/wp\/v2\/product_cat?post=64298"},{"taxonomy":"product_tag","embeddable":true,"href":"https:\/\/www.ernstbrunn-apotheke.at\/katalog\/wp-json\/wp\/v2\/product_tag?post=64298"}],"curies":[{"name":"wp","href":"https:\/\/api.w.org\/{rel}","templated":true}]}}