{"id":64273,"date":"2025-11-11T11:33:11","date_gmt":"2025-11-11T10:33:11","guid":{"rendered":"https:\/\/www.ernstbrunn-apotheke.at\/katalog\/produkt\/zahnseide-curaprox-df820-ptfe-35-m\/"},"modified":"2025-12-08T17:41:08","modified_gmt":"2025-12-08T16:41:08","slug":"zahnseide-curaprox-df820-ptfe-35-m","status":"publish","type":"product","link":"https:\/\/www.ernstbrunn-apotheke.at\/katalog\/produkt\/zahnseide-curaprox-df820-ptfe-35-m\/","title":{"rendered":"Zahnseide Curaprox Df820 Ptfe 35 m"},"content":{"rendered":"<p>Zahnseide Curaprox Df820 Ptfe ist ein innovatives Zahnband aus extra reissfestem PTFE-Band. Dank dieser PTFE-Beschichtung gleitet es auch besonders leicht durch den Kontaktpunkt. Damit ist es besonders f\u00fcr enge Zahnzwischenr\u00e4ume, wie etwa zwischen Frontz\u00e4hnen, geeignet.<\/p>\n","protected":false},"excerpt":{"rendered":"<p>Zahnseide Curaprox Df820 Ptfe ist ein innovatives Zahnband aus extra reissfestem PTFE-Band. Dank dieser PTFE-Beschichtung gleitet es auch besonders leicht durch den Kontaktpunkt. Damit ist es besonders f\u00fcr enge Zahnzwischenr\u00e4ume, wie etwa zwischen Frontz\u00e4hnen, geeignet.<\/p>\n","protected":false},"featured_media":64275,"template":"","meta":{"_acf_changed":false},"product_brand":[886],"product_cat":[803],"product_tag":[],"class_list":{"0":"post-64273","1":"product","2":"type-product","3":"status-publish","4":"has-post-thumbnail","6":"product_brand-curaprox","7":"product_cat-z","8":"pa_packungsgroesse-1-stueck","10":"first","11":"instock","12":"shipping-taxable","13":"purchasable","14":"product-type-simple"},"acf":[],"_links":{"self":[{"href":"https:\/\/www.ernstbrunn-apotheke.at\/katalog\/wp-json\/wp\/v2\/product\/64273","targetHints":{"allow":["GET"]}}],"collection":[{"href":"https:\/\/www.ernstbrunn-apotheke.at\/katalog\/wp-json\/wp\/v2\/product"}],"about":[{"href":"https:\/\/www.ernstbrunn-apotheke.at\/katalog\/wp-json\/wp\/v2\/types\/product"}],"wp:featuredmedia":[{"embeddable":true,"href":"https:\/\/www.ernstbrunn-apotheke.at\/katalog\/wp-json\/wp\/v2\/media\/64275"}],"wp:attachment":[{"href":"https:\/\/www.ernstbrunn-apotheke.at\/katalog\/wp-json\/wp\/v2\/media?parent=64273"}],"wp:term":[{"taxonomy":"product_brand","embeddable":true,"href":"https:\/\/www.ernstbrunn-apotheke.at\/katalog\/wp-json\/wp\/v2\/product_brand?post=64273"},{"taxonomy":"product_cat","embeddable":true,"href":"https:\/\/www.ernstbrunn-apotheke.at\/katalog\/wp-json\/wp\/v2\/product_cat?post=64273"},{"taxonomy":"product_tag","embeddable":true,"href":"https:\/\/www.ernstbrunn-apotheke.at\/katalog\/wp-json\/wp\/v2\/product_tag?post=64273"}],"curies":[{"name":"wp","href":"https:\/\/api.w.org\/{rel}","templated":true}]}}