{"id":64236,"date":"2025-11-11T11:32:13","date_gmt":"2025-11-11T10:32:13","guid":{"rendered":"https:\/\/www.ernstbrunn-apotheke.at\/katalog\/produkt\/kneipp-aroma-pflegedusche-sei-frei-verrueckt-und-gluecklich-200-ml\/"},"modified":"2025-12-08T17:40:55","modified_gmt":"2025-12-08T16:40:55","slug":"kneipp-aroma-pflegedusche-sei-frei-verrueckt-und-gluecklich-200-ml","status":"publish","type":"product","link":"https:\/\/www.ernstbrunn-apotheke.at\/katalog\/produkt\/kneipp-aroma-pflegedusche-sei-frei-verrueckt-und-gluecklich-200-ml\/","title":{"rendered":"Kneipp Aroma Pflegedusche Sei frei, verr\u00fcckt und gl\u00fccklich! 200 ml"},"content":{"rendered":"<p>Kneipp Aroma Pflegedusche Sei frei, verr\u00fcckt und gl\u00fccklich! 200 ml mit dem sonnigen Duft nach Apfelsine spr\u00fcht vor Gl\u00fcck und schenkt so ein Gef\u00fchl der Leichtigkeit. Die pflanzliche Pflegeformel verbessert das Hautgef\u00fchl w\u00e4hrend und nach dem Duschen<\/p>\n","protected":false},"excerpt":{"rendered":"<p>Kneipp Aroma Pflegedusche Sei frei, verr\u00fcckt und gl\u00fccklich! 200 ml mit dem sonnigen Duft nach Apfelsine spr\u00fcht vor Gl\u00fcck und schenkt so ein Gef\u00fchl der Leichtigkeit. Die pflanzliche Pflegeformel verbessert das Hautgef\u00fchl w\u00e4hrend und nach dem Duschen<\/p>\n","protected":false},"featured_media":64238,"template":"","meta":{"_acf_changed":false},"product_brand":[662],"product_cat":[807],"product_tag":[],"class_list":{"0":"post-64236","1":"product","2":"type-product","3":"status-publish","4":"has-post-thumbnail","6":"product_brand-kneipp","7":"product_cat-k","8":"pa_packungsgroesse-200ml","10":"first","11":"instock","12":"shipping-taxable","13":"purchasable","14":"product-type-simple"},"acf":[],"_links":{"self":[{"href":"https:\/\/www.ernstbrunn-apotheke.at\/katalog\/wp-json\/wp\/v2\/product\/64236","targetHints":{"allow":["GET"]}}],"collection":[{"href":"https:\/\/www.ernstbrunn-apotheke.at\/katalog\/wp-json\/wp\/v2\/product"}],"about":[{"href":"https:\/\/www.ernstbrunn-apotheke.at\/katalog\/wp-json\/wp\/v2\/types\/product"}],"wp:featuredmedia":[{"embeddable":true,"href":"https:\/\/www.ernstbrunn-apotheke.at\/katalog\/wp-json\/wp\/v2\/media\/64238"}],"wp:attachment":[{"href":"https:\/\/www.ernstbrunn-apotheke.at\/katalog\/wp-json\/wp\/v2\/media?parent=64236"}],"wp:term":[{"taxonomy":"product_brand","embeddable":true,"href":"https:\/\/www.ernstbrunn-apotheke.at\/katalog\/wp-json\/wp\/v2\/product_brand?post=64236"},{"taxonomy":"product_cat","embeddable":true,"href":"https:\/\/www.ernstbrunn-apotheke.at\/katalog\/wp-json\/wp\/v2\/product_cat?post=64236"},{"taxonomy":"product_tag","embeddable":true,"href":"https:\/\/www.ernstbrunn-apotheke.at\/katalog\/wp-json\/wp\/v2\/product_tag?post=64236"}],"curies":[{"name":"wp","href":"https:\/\/api.w.org\/{rel}","templated":true}]}}