{"id":64218,"date":"2025-11-11T11:32:13","date_gmt":"2025-11-11T10:32:13","guid":{"rendered":"https:\/\/www.ernstbrunn-apotheke.at\/katalog\/produkt\/bioderma-sensibio-h20-reinigungstuecher-25-stk\/"},"modified":"2025-12-08T17:40:50","modified_gmt":"2025-12-08T16:40:50","slug":"bioderma-sensibio-h20-reinigungstuecher-25-stk","status":"publish","type":"product","link":"https:\/\/www.ernstbrunn-apotheke.at\/katalog\/produkt\/bioderma-sensibio-h20-reinigungstuecher-25-stk\/","title":{"rendered":"Bioderma Sensibio H20 Reinigungst\u00fccher 25 Stk."},"content":{"rendered":"<p>Bioderma Sensibio H2O Reinigungst\u00fccher Milde Reinigungst\u00fccher reizen die Haut nicht und trocknet sie nicht aus. Sie spenden Feuchtigkeit, reinigen und pflegen die Haut sanft und eignen sich zum wirksamen Abschminken s\u00e4mtlichen Make-ups. Die Reinigungst\u00fccher verleihen der Haut Frische und tonisiert sie und k\u00f6nnen auch f\u00fcr empfindliche Haut benutzt werden..<\/p>\n","protected":false},"excerpt":{"rendered":"<p>Bioderma Sensibio H2O Reinigungst\u00fccher Milde Reinigungst\u00fccher reizen die Haut nicht und trocknet sie nicht aus. Sie spenden Feuchtigkeit, reinigen und pflegen die Haut sanft und eignen sich zum wirksamen Abschminken s\u00e4mtlichen Make-ups. Die Reinigungst\u00fccher verleihen der Haut Frische und tonisiert sie und k\u00f6nnen auch f\u00fcr empfindliche Haut benutzt werden..<\/p>\n","protected":false},"featured_media":64220,"template":"","meta":{"_acf_changed":false},"product_brand":[657],"product_cat":[802],"product_tag":[],"class_list":{"0":"post-64218","1":"product","2":"type-product","3":"status-publish","4":"has-post-thumbnail","6":"product_brand-bioderma","7":"product_cat-b","8":"pa_packungsgroesse-25-stueck","10":"first","11":"instock","12":"shipping-taxable","13":"purchasable","14":"product-type-simple"},"acf":[],"_links":{"self":[{"href":"https:\/\/www.ernstbrunn-apotheke.at\/katalog\/wp-json\/wp\/v2\/product\/64218","targetHints":{"allow":["GET"]}}],"collection":[{"href":"https:\/\/www.ernstbrunn-apotheke.at\/katalog\/wp-json\/wp\/v2\/product"}],"about":[{"href":"https:\/\/www.ernstbrunn-apotheke.at\/katalog\/wp-json\/wp\/v2\/types\/product"}],"wp:featuredmedia":[{"embeddable":true,"href":"https:\/\/www.ernstbrunn-apotheke.at\/katalog\/wp-json\/wp\/v2\/media\/64220"}],"wp:attachment":[{"href":"https:\/\/www.ernstbrunn-apotheke.at\/katalog\/wp-json\/wp\/v2\/media?parent=64218"}],"wp:term":[{"taxonomy":"product_brand","embeddable":true,"href":"https:\/\/www.ernstbrunn-apotheke.at\/katalog\/wp-json\/wp\/v2\/product_brand?post=64218"},{"taxonomy":"product_cat","embeddable":true,"href":"https:\/\/www.ernstbrunn-apotheke.at\/katalog\/wp-json\/wp\/v2\/product_cat?post=64218"},{"taxonomy":"product_tag","embeddable":true,"href":"https:\/\/www.ernstbrunn-apotheke.at\/katalog\/wp-json\/wp\/v2\/product_tag?post=64218"}],"curies":[{"name":"wp","href":"https:\/\/api.w.org\/{rel}","templated":true}]}}