{"id":64195,"date":"2025-11-11T11:31:19","date_gmt":"2025-11-11T10:31:19","guid":{"rendered":"https:\/\/www.ernstbrunn-apotheke.at\/katalog\/produkt\/kneipp-schaeumendes-badesalz-verwoehnen-80-g\/"},"modified":"2025-12-08T17:40:41","modified_gmt":"2025-12-08T16:40:41","slug":"kneipp-schaeumendes-badesalz-verwoehnen-80-g","status":"publish","type":"product","link":"https:\/\/www.ernstbrunn-apotheke.at\/katalog\/produkt\/kneipp-schaeumendes-badesalz-verwoehnen-80-g\/","title":{"rendered":"Kneipp Sch\u00e4umendes Badesalz Verw\u00f6hnen 80 g"},"content":{"rendered":"<p>Kneipp Sch\u00e4umendes Badesalz Verw\u00f6hnen 80 g mit nat\u00fcrlichem \u00e4therischen \u00d6l der Damaszener Rose verwandelt das Badezimmer in eine Verw\u00f6hnoase und verzaubert die Sinne. Pflegendes Kamelien\u00f6l sch\u00fctzt Ihre Haut vor dem Austrocknen.<\/p>\n","protected":false},"excerpt":{"rendered":"<p>Kneipp Sch\u00e4umendes Badesalz Verw\u00f6hnen 80 g mit nat\u00fcrlichem \u00e4therischen \u00d6l der Damaszener Rose verwandelt das Badezimmer in eine Verw\u00f6hnoase und verzaubert die Sinne. Pflegendes Kamelien\u00f6l sch\u00fctzt Ihre Haut vor dem Austrocknen.<\/p>\n","protected":false},"featured_media":64197,"template":"","meta":{"_acf_changed":false},"product_brand":[662],"product_cat":[807],"product_tag":[],"class_list":{"0":"post-64195","1":"product","2":"type-product","3":"status-publish","4":"has-post-thumbnail","6":"product_brand-kneipp","7":"product_cat-k","8":"pa_packungsgroesse-80g","10":"first","11":"instock","12":"shipping-taxable","13":"purchasable","14":"product-type-simple"},"acf":[],"_links":{"self":[{"href":"https:\/\/www.ernstbrunn-apotheke.at\/katalog\/wp-json\/wp\/v2\/product\/64195","targetHints":{"allow":["GET"]}}],"collection":[{"href":"https:\/\/www.ernstbrunn-apotheke.at\/katalog\/wp-json\/wp\/v2\/product"}],"about":[{"href":"https:\/\/www.ernstbrunn-apotheke.at\/katalog\/wp-json\/wp\/v2\/types\/product"}],"wp:featuredmedia":[{"embeddable":true,"href":"https:\/\/www.ernstbrunn-apotheke.at\/katalog\/wp-json\/wp\/v2\/media\/64197"}],"wp:attachment":[{"href":"https:\/\/www.ernstbrunn-apotheke.at\/katalog\/wp-json\/wp\/v2\/media?parent=64195"}],"wp:term":[{"taxonomy":"product_brand","embeddable":true,"href":"https:\/\/www.ernstbrunn-apotheke.at\/katalog\/wp-json\/wp\/v2\/product_brand?post=64195"},{"taxonomy":"product_cat","embeddable":true,"href":"https:\/\/www.ernstbrunn-apotheke.at\/katalog\/wp-json\/wp\/v2\/product_cat?post=64195"},{"taxonomy":"product_tag","embeddable":true,"href":"https:\/\/www.ernstbrunn-apotheke.at\/katalog\/wp-json\/wp\/v2\/product_tag?post=64195"}],"curies":[{"name":"wp","href":"https:\/\/api.w.org\/{rel}","templated":true}]}}