{"id":64136,"date":"2025-11-11T11:30:25","date_gmt":"2025-11-11T10:30:25","guid":{"rendered":"https:\/\/www.ernstbrunn-apotheke.at\/katalog\/produkt\/allpresan-fusspilz-nageltinktur-125-ml-nr-7\/"},"modified":"2025-12-08T17:40:23","modified_gmt":"2025-12-08T16:40:23","slug":"allpresan-fusspilz-nageltinktur-125-ml-nr-7","status":"publish","type":"product","link":"https:\/\/www.ernstbrunn-apotheke.at\/katalog\/produkt\/allpresan-fusspilz-nageltinktur-125-ml-nr-7\/","title":{"rendered":"Allpresan Fu\u00dfpilz Nageltinktur 125 ml Nr. 7"},"content":{"rendered":"<p>Allpresan Fu\u00dfpilz Nageltinktur st\u00e4rkt die N\u00e4gel, sch\u00fctzt vor mikrobiellen physiologischen Beeintr\u00e4chtigungen und l\u00e4sst sie so wieder gepflegt aussehen. Somit dient diese Tinktur ideal zur therapiebegleitenden Pflege bei Nagelpilz<\/p>\n","protected":false},"excerpt":{"rendered":"<p>Allpresan Fu\u00dfpilz Nageltinktur st\u00e4rkt die N\u00e4gel, sch\u00fctzt vor mikrobiellen physiologischen Beeintr\u00e4chtigungen und l\u00e4sst sie so wieder gepflegt aussehen. Somit dient diese Tinktur ideal zur therapiebegleitenden Pflege bei Nagelpilz<\/p>\n","protected":false},"featured_media":64138,"template":"","meta":{"_acf_changed":false},"product_brand":[],"product_cat":[801],"product_tag":[],"class_list":{"0":"post-64136","1":"product","2":"type-product","3":"status-publish","4":"has-post-thumbnail","6":"product_cat-a","7":"pa_packungsgroesse-125ml","9":"first","10":"instock","11":"shipping-taxable","12":"purchasable","13":"product-type-simple"},"acf":[],"_links":{"self":[{"href":"https:\/\/www.ernstbrunn-apotheke.at\/katalog\/wp-json\/wp\/v2\/product\/64136","targetHints":{"allow":["GET"]}}],"collection":[{"href":"https:\/\/www.ernstbrunn-apotheke.at\/katalog\/wp-json\/wp\/v2\/product"}],"about":[{"href":"https:\/\/www.ernstbrunn-apotheke.at\/katalog\/wp-json\/wp\/v2\/types\/product"}],"wp:featuredmedia":[{"embeddable":true,"href":"https:\/\/www.ernstbrunn-apotheke.at\/katalog\/wp-json\/wp\/v2\/media\/64138"}],"wp:attachment":[{"href":"https:\/\/www.ernstbrunn-apotheke.at\/katalog\/wp-json\/wp\/v2\/media?parent=64136"}],"wp:term":[{"taxonomy":"product_brand","embeddable":true,"href":"https:\/\/www.ernstbrunn-apotheke.at\/katalog\/wp-json\/wp\/v2\/product_brand?post=64136"},{"taxonomy":"product_cat","embeddable":true,"href":"https:\/\/www.ernstbrunn-apotheke.at\/katalog\/wp-json\/wp\/v2\/product_cat?post=64136"},{"taxonomy":"product_tag","embeddable":true,"href":"https:\/\/www.ernstbrunn-apotheke.at\/katalog\/wp-json\/wp\/v2\/product_tag?post=64136"}],"curies":[{"name":"wp","href":"https:\/\/api.w.org\/{rel}","templated":true}]}}