{"id":64109,"date":"2025-11-11T11:30:25","date_gmt":"2025-11-11T10:30:25","guid":{"rendered":"https:\/\/www.ernstbrunn-apotheke.at\/katalog\/produkt\/roswitha-boehm-natursalz-wuerze-nachfuellung-1-kg\/"},"modified":"2025-12-08T17:40:16","modified_gmt":"2025-12-08T16:40:16","slug":"roswitha-boehm-natursalz-wuerze-nachfuellung-1-kg","status":"publish","type":"product","link":"https:\/\/www.ernstbrunn-apotheke.at\/katalog\/produkt\/roswitha-boehm-natursalz-wuerze-nachfuellung-1-kg\/","title":{"rendered":"Roswitha B\u00f6hm Natursalz W\u00fcrze Nachf\u00fcllung 1 kg"},"content":{"rendered":"<p>Roswitha B\u00f6hm Natursalz W\u00fcrze Nachf\u00fcllung ist eine Nachf\u00fcllpackung mit Salz, welches sich hervorragend zum Salzen und auch W\u00fcrzen eignet. Dieses Produkt erhalten Sie in den Packungsgr\u00f6\u00dfen 500 g und 1 kg.<\/p>\n","protected":false},"excerpt":{"rendered":"<p>Roswitha B\u00f6hm Natursalz W\u00fcrze Nachf\u00fcllung ist eine Nachf\u00fcllpackung mit Salz, welches sich hervorragend zum Salzen und auch W\u00fcrzen eignet. Dieses Produkt erhalten Sie in den Packungsgr\u00f6\u00dfen 500 g und 1 kg.<\/p>\n","protected":false},"featured_media":0,"template":"","meta":{"_acf_changed":false},"product_brand":[],"product_cat":[808],"product_tag":[],"class_list":{"0":"post-64109","1":"product","2":"type-product","3":"status-publish","5":"product_cat-r","6":"pa_packungsgroesse-1kg","8":"first","9":"instock","10":"shipping-taxable","11":"purchasable","12":"product-type-simple"},"acf":[],"_links":{"self":[{"href":"https:\/\/www.ernstbrunn-apotheke.at\/katalog\/wp-json\/wp\/v2\/product\/64109","targetHints":{"allow":["GET"]}}],"collection":[{"href":"https:\/\/www.ernstbrunn-apotheke.at\/katalog\/wp-json\/wp\/v2\/product"}],"about":[{"href":"https:\/\/www.ernstbrunn-apotheke.at\/katalog\/wp-json\/wp\/v2\/types\/product"}],"wp:attachment":[{"href":"https:\/\/www.ernstbrunn-apotheke.at\/katalog\/wp-json\/wp\/v2\/media?parent=64109"}],"wp:term":[{"taxonomy":"product_brand","embeddable":true,"href":"https:\/\/www.ernstbrunn-apotheke.at\/katalog\/wp-json\/wp\/v2\/product_brand?post=64109"},{"taxonomy":"product_cat","embeddable":true,"href":"https:\/\/www.ernstbrunn-apotheke.at\/katalog\/wp-json\/wp\/v2\/product_cat?post=64109"},{"taxonomy":"product_tag","embeddable":true,"href":"https:\/\/www.ernstbrunn-apotheke.at\/katalog\/wp-json\/wp\/v2\/product_tag?post=64109"}],"curies":[{"name":"wp","href":"https:\/\/api.w.org\/{rel}","templated":true}]}}