{"id":64048,"date":"2025-11-11T11:28:40","date_gmt":"2025-11-11T10:28:40","guid":{"rendered":"https:\/\/www.ernstbrunn-apotheke.at\/katalog\/produkt\/dermasence-solvinea-med-lsf-50-150-ml-creme\/"},"modified":"2025-12-08T17:39:56","modified_gmt":"2025-12-08T16:39:56","slug":"dermasence-solvinea-med-lsf-50-150-ml-creme","status":"publish","type":"product","link":"https:\/\/www.ernstbrunn-apotheke.at\/katalog\/produkt\/dermasence-solvinea-med-lsf-50-150-ml-creme\/","title":{"rendered":"Dermasence Solvinea Med LSF 50+ 150 ml Creme"},"content":{"rendered":"<p>Dermasence Solvinea Med LSF 50+ ist eine leichte Gelcreme mit sehr hohem UVA-\/UVB-Schutz ist f\u00fcr die empfindliche sowie fettende und zu Unreinheiten neigende Haut geeignet. Sie sch\u00fctzt Areale, die der Sonne besonders intensiv ausgesetzt sind, wie Gesicht, Hals, Dekollet\u00e9 und H\u00e4nde vor UV-bedingter Hautalterung. Bisabolol, Panthenol und Vitamin E pflegen und beruhigen die Haut und hinterlassen ein gesundes Hautgef\u00fchl<\/p>\n","protected":false},"excerpt":{"rendered":"<p>Dermasence Solvinea Med LSF 50+ ist eine leichte Gelcreme mit sehr hohem UVA-\/UVB-Schutz ist f\u00fcr die empfindliche sowie fettende und zu Unreinheiten neigende Haut geeignet. Sie sch\u00fctzt Areale, die der Sonne besonders intensiv ausgesetzt sind, wie Gesicht, Hals, Dekollet\u00e9 und H\u00e4nde vor UV-bedingter Hautalterung. Bisabolol, Panthenol und Vitamin E pflegen und beruhigen die Haut und [&hellip;]<\/p>\n","protected":false},"featured_media":64050,"template":"","meta":{"_acf_changed":false},"product_brand":[680],"product_cat":[792],"product_tag":[],"class_list":{"0":"post-64048","1":"product","2":"type-product","3":"status-publish","4":"has-post-thumbnail","6":"product_brand-dermasence","7":"product_cat-d","8":"pa_packungsgroesse-150ml","10":"first","11":"instock","12":"shipping-taxable","13":"purchasable","14":"product-type-simple"},"acf":[],"_links":{"self":[{"href":"https:\/\/www.ernstbrunn-apotheke.at\/katalog\/wp-json\/wp\/v2\/product\/64048","targetHints":{"allow":["GET"]}}],"collection":[{"href":"https:\/\/www.ernstbrunn-apotheke.at\/katalog\/wp-json\/wp\/v2\/product"}],"about":[{"href":"https:\/\/www.ernstbrunn-apotheke.at\/katalog\/wp-json\/wp\/v2\/types\/product"}],"wp:featuredmedia":[{"embeddable":true,"href":"https:\/\/www.ernstbrunn-apotheke.at\/katalog\/wp-json\/wp\/v2\/media\/64050"}],"wp:attachment":[{"href":"https:\/\/www.ernstbrunn-apotheke.at\/katalog\/wp-json\/wp\/v2\/media?parent=64048"}],"wp:term":[{"taxonomy":"product_brand","embeddable":true,"href":"https:\/\/www.ernstbrunn-apotheke.at\/katalog\/wp-json\/wp\/v2\/product_brand?post=64048"},{"taxonomy":"product_cat","embeddable":true,"href":"https:\/\/www.ernstbrunn-apotheke.at\/katalog\/wp-json\/wp\/v2\/product_cat?post=64048"},{"taxonomy":"product_tag","embeddable":true,"href":"https:\/\/www.ernstbrunn-apotheke.at\/katalog\/wp-json\/wp\/v2\/product_tag?post=64048"}],"curies":[{"name":"wp","href":"https:\/\/api.w.org\/{rel}","templated":true}]}}