{"id":63916,"date":"2025-11-11T11:26:57","date_gmt":"2025-11-11T10:26:57","guid":{"rendered":"https:\/\/www.ernstbrunn-apotheke.at\/katalog\/produkt\/adler-bachblueten-5-flower-globuli-15-g\/"},"modified":"2025-12-08T17:39:12","modified_gmt":"2025-12-08T16:39:12","slug":"adler-bachblueten-5-flower-globuli-15-g","status":"publish","type":"product","link":"https:\/\/www.ernstbrunn-apotheke.at\/katalog\/produkt\/adler-bachblueten-5-flower-globuli-15-g\/","title":{"rendered":"Adler Bachbl\u00fcten 5 flower Globuli 15 g"},"content":{"rendered":"<p>Adler Bachbl\u00fcten 5 flower Globuli 15 g werden sorgf\u00e4ltig nach dem von Julian Barnard entwickelten \u201eDoppelimpr\u00e4gnierverfahren\u201c hergestellt, welche die vollst\u00e4ndige \u00dcbertragung der Bachbl\u00fcteninformation auf die Zuckerk\u00fcgelchen garantiert. Diese Bachbl\u00fctenkombination aus den 5 Original Bachbl\u00fcten Cherry Plum, Clematis, Star of Bethlehem, Impatiens und Rock Rose, die Dr. Bach \u201aRescue\u2018 nannte, gibt innere Erleichterung in Krisen, bei Panik oder psychischen Ausnahmezust\u00e4nden.!<\/p>\n","protected":false},"excerpt":{"rendered":"<p>Adler Bachbl\u00fcten 5 flower Globuli 15 g werden sorgf\u00e4ltig nach dem von Julian Barnard entwickelten \u201eDoppelimpr\u00e4gnierverfahren\u201c hergestellt, welche die vollst\u00e4ndige \u00dcbertragung der Bachbl\u00fcteninformation auf die Zuckerk\u00fcgelchen garantiert. Diese Bachbl\u00fctenkombination aus den 5 Original Bachbl\u00fcten Cherry Plum, Clematis, Star of Bethlehem, Impatiens und Rock Rose, die Dr. Bach \u201aRescue\u2018 nannte, gibt innere Erleichterung in Krisen, bei [&hellip;]<\/p>\n","protected":false},"featured_media":63918,"template":"","meta":{"_acf_changed":false},"product_brand":[928],"product_cat":[801],"product_tag":[],"class_list":{"0":"post-63916","1":"product","2":"type-product","3":"status-publish","4":"has-post-thumbnail","6":"product_brand-adler-pharma","7":"product_cat-a","8":"pa_packungsgroesse-15g","10":"first","11":"instock","12":"shipping-taxable","13":"purchasable","14":"product-type-simple"},"acf":[],"_links":{"self":[{"href":"https:\/\/www.ernstbrunn-apotheke.at\/katalog\/wp-json\/wp\/v2\/product\/63916","targetHints":{"allow":["GET"]}}],"collection":[{"href":"https:\/\/www.ernstbrunn-apotheke.at\/katalog\/wp-json\/wp\/v2\/product"}],"about":[{"href":"https:\/\/www.ernstbrunn-apotheke.at\/katalog\/wp-json\/wp\/v2\/types\/product"}],"wp:featuredmedia":[{"embeddable":true,"href":"https:\/\/www.ernstbrunn-apotheke.at\/katalog\/wp-json\/wp\/v2\/media\/63918"}],"wp:attachment":[{"href":"https:\/\/www.ernstbrunn-apotheke.at\/katalog\/wp-json\/wp\/v2\/media?parent=63916"}],"wp:term":[{"taxonomy":"product_brand","embeddable":true,"href":"https:\/\/www.ernstbrunn-apotheke.at\/katalog\/wp-json\/wp\/v2\/product_brand?post=63916"},{"taxonomy":"product_cat","embeddable":true,"href":"https:\/\/www.ernstbrunn-apotheke.at\/katalog\/wp-json\/wp\/v2\/product_cat?post=63916"},{"taxonomy":"product_tag","embeddable":true,"href":"https:\/\/www.ernstbrunn-apotheke.at\/katalog\/wp-json\/wp\/v2\/product_tag?post=63916"}],"curies":[{"name":"wp","href":"https:\/\/api.w.org\/{rel}","templated":true}]}}