{"id":63836,"date":"2025-11-11T11:25:00","date_gmt":"2025-11-11T10:25:00","guid":{"rendered":"https:\/\/www.ernstbrunn-apotheke.at\/katalog\/produkt\/strataxrtgel-20-g\/"},"modified":"2025-12-08T17:38:50","modified_gmt":"2025-12-08T16:38:50","slug":"strataxrtgel-20-g","status":"publish","type":"product","link":"https:\/\/www.ernstbrunn-apotheke.at\/katalog\/produkt\/strataxrtgel-20-g\/","title":{"rendered":"StrataXRTGel 20 g"},"content":{"rendered":"<p>StrataXRT Gel ist ein Innovativer, flexibler Wundverband zur Vorbeugung und Behandlung von Strahlendermatitis. Das Gel schafft eine sch\u00fctzende Schicht, die die Integrit\u00e4t der Haut aufrecht erh\u00e4lt und Traumata und Reizungen im betroffenen Bereich reduziert.<\/p>\n","protected":false},"excerpt":{"rendered":"<p>StrataXRT Gel ist ein Innovativer, flexibler Wundverband zur Vorbeugung und Behandlung von Strahlendermatitis. Das Gel schafft eine sch\u00fctzende Schicht, die die Integrit\u00e4t der Haut aufrecht erh\u00e4lt und Traumata und Reizungen im betroffenen Bereich reduziert.<\/p>\n","protected":false},"featured_media":63838,"template":"","meta":{"_acf_changed":false},"product_brand":[],"product_cat":[791],"product_tag":[],"class_list":{"0":"post-63836","1":"product","2":"type-product","3":"status-publish","4":"has-post-thumbnail","6":"product_cat-s","7":"pa_packungsgroesse-20g","9":"first","10":"instock","11":"shipping-taxable","12":"purchasable","13":"product-type-simple"},"acf":[],"_links":{"self":[{"href":"https:\/\/www.ernstbrunn-apotheke.at\/katalog\/wp-json\/wp\/v2\/product\/63836","targetHints":{"allow":["GET"]}}],"collection":[{"href":"https:\/\/www.ernstbrunn-apotheke.at\/katalog\/wp-json\/wp\/v2\/product"}],"about":[{"href":"https:\/\/www.ernstbrunn-apotheke.at\/katalog\/wp-json\/wp\/v2\/types\/product"}],"wp:featuredmedia":[{"embeddable":true,"href":"https:\/\/www.ernstbrunn-apotheke.at\/katalog\/wp-json\/wp\/v2\/media\/63838"}],"wp:attachment":[{"href":"https:\/\/www.ernstbrunn-apotheke.at\/katalog\/wp-json\/wp\/v2\/media?parent=63836"}],"wp:term":[{"taxonomy":"product_brand","embeddable":true,"href":"https:\/\/www.ernstbrunn-apotheke.at\/katalog\/wp-json\/wp\/v2\/product_brand?post=63836"},{"taxonomy":"product_cat","embeddable":true,"href":"https:\/\/www.ernstbrunn-apotheke.at\/katalog\/wp-json\/wp\/v2\/product_cat?post=63836"},{"taxonomy":"product_tag","embeddable":true,"href":"https:\/\/www.ernstbrunn-apotheke.at\/katalog\/wp-json\/wp\/v2\/product_tag?post=63836"}],"curies":[{"name":"wp","href":"https:\/\/api.w.org\/{rel}","templated":true}]}}