{"id":63808,"date":"2025-11-11T11:24:06","date_gmt":"2025-11-11T10:24:06","guid":{"rendered":"https:\/\/www.ernstbrunn-apotheke.at\/katalog\/produkt\/la-roche-posay-toleriane-teint-blush-nr-2-rose-5-g\/"},"modified":"2025-12-08T17:38:42","modified_gmt":"2025-12-08T16:38:42","slug":"la-roche-posay-toleriane-teint-blush-nr-2-rose-5-g","status":"publish","type":"product","link":"https:\/\/www.ernstbrunn-apotheke.at\/katalog\/produkt\/la-roche-posay-toleriane-teint-blush-nr-2-rose-5-g\/","title":{"rendered":"La Roche-Posay Toleriane Teint Blush Nr. 2 Rose 5 g"},"content":{"rendered":"<p>Das Toleriane Teint Blush setzt optimale Akzente bei jedem Teint. Gereinigte Pigmente sorgen f\u00fcr ein optimales Finish. Dank einem integrierten Schw\u00e4mmchen und einem Spiegel l\u00e4sst sich das Blush leicht auftragen. F\u00fcr ein optimales Finish mit gereinigten Pigmentenf\u00fcr empfindliche Haut.<\/p>\n","protected":false},"excerpt":{"rendered":"<p>Das Toleriane Teint Blush setzt optimale Akzente bei jedem Teint. Gereinigte Pigmente sorgen f\u00fcr ein optimales Finish. Dank einem integrierten Schw\u00e4mmchen und einem Spiegel l\u00e4sst sich das Blush leicht auftragen. F\u00fcr ein optimales Finish mit gereinigten Pigmentenf\u00fcr empfindliche Haut.<\/p>\n","protected":false},"featured_media":63810,"template":"","meta":{"_acf_changed":false},"product_brand":[677],"product_cat":[795],"product_tag":[],"class_list":{"0":"post-63808","1":"product","2":"type-product","3":"status-publish","4":"has-post-thumbnail","6":"product_brand-la-roche-posay","7":"product_cat-l","8":"pa_farbe-caramel","9":"pa_farbe-rose","10":"pa_packungsgroesse-1-stueck","12":"first","13":"instock","14":"shipping-taxable","15":"purchasable","16":"product-type-simple"},"acf":[],"_links":{"self":[{"href":"https:\/\/www.ernstbrunn-apotheke.at\/katalog\/wp-json\/wp\/v2\/product\/63808","targetHints":{"allow":["GET"]}}],"collection":[{"href":"https:\/\/www.ernstbrunn-apotheke.at\/katalog\/wp-json\/wp\/v2\/product"}],"about":[{"href":"https:\/\/www.ernstbrunn-apotheke.at\/katalog\/wp-json\/wp\/v2\/types\/product"}],"wp:featuredmedia":[{"embeddable":true,"href":"https:\/\/www.ernstbrunn-apotheke.at\/katalog\/wp-json\/wp\/v2\/media\/63810"}],"wp:attachment":[{"href":"https:\/\/www.ernstbrunn-apotheke.at\/katalog\/wp-json\/wp\/v2\/media?parent=63808"}],"wp:term":[{"taxonomy":"product_brand","embeddable":true,"href":"https:\/\/www.ernstbrunn-apotheke.at\/katalog\/wp-json\/wp\/v2\/product_brand?post=63808"},{"taxonomy":"product_cat","embeddable":true,"href":"https:\/\/www.ernstbrunn-apotheke.at\/katalog\/wp-json\/wp\/v2\/product_cat?post=63808"},{"taxonomy":"product_tag","embeddable":true,"href":"https:\/\/www.ernstbrunn-apotheke.at\/katalog\/wp-json\/wp\/v2\/product_tag?post=63808"}],"curies":[{"name":"wp","href":"https:\/\/api.w.org\/{rel}","templated":true}]}}