{"id":63740,"date":"2025-11-11T11:23:27","date_gmt":"2025-11-11T10:23:27","guid":{"rendered":"https:\/\/www.ernstbrunn-apotheke.at\/katalog\/produkt\/dr-ehrenberger-moringa-kapseln-bio-90-stk\/"},"modified":"2025-12-08T17:38:19","modified_gmt":"2025-12-08T16:38:19","slug":"dr-ehrenberger-moringa-kapseln-bio-90-stk","status":"publish","type":"product","link":"https:\/\/www.ernstbrunn-apotheke.at\/katalog\/produkt\/dr-ehrenberger-moringa-kapseln-bio-90-stk\/","title":{"rendered":"Dr. Ehrenberger Moringa Kapseln BIO 90 Stk."},"content":{"rendered":"<p>Dr. Ehrenberger Moringa Kapseln BIO ist ein Superfood, welches sich bereits in unz\u00e4hligen Lebensmitteln enthalten ist. Mit \u00fcber 90 N\u00e4hrstoffen gilt die Pflanze als wahres N\u00e4hrstoffwunder. Zusammen mit Spirulina gilt Moringa als ein Lebensmittel, welches Hunger und Mangelern\u00e4hrung in der Welt schon durch kleine Mengen reduzieren k\u00f6nnen. Das Produkt ist 100% biologischen Ursprungs.<\/p>\n","protected":false},"excerpt":{"rendered":"<p>Dr. Ehrenberger Moringa Kapseln BIO ist ein Superfood, welches sich bereits in unz\u00e4hligen Lebensmitteln enthalten ist. Mit \u00fcber 90 N\u00e4hrstoffen gilt die Pflanze als wahres N\u00e4hrstoffwunder. Zusammen mit Spirulina gilt Moringa als ein Lebensmittel, welches Hunger und Mangelern\u00e4hrung in der Welt schon durch kleine Mengen reduzieren k\u00f6nnen. Das Produkt ist 100% biologischen Ursprungs.<\/p>\n","protected":false},"featured_media":63742,"template":"","meta":{"_acf_changed":false},"product_brand":[509],"product_cat":[792],"product_tag":[],"class_list":{"0":"post-63740","1":"product","2":"type-product","3":"status-publish","4":"has-post-thumbnail","6":"product_brand-dr-ehrenberger","7":"product_cat-d","8":"pa_packungsgroesse-120-stueck","10":"first","11":"instock","12":"shipping-taxable","13":"purchasable","14":"product-type-simple"},"acf":[],"_links":{"self":[{"href":"https:\/\/www.ernstbrunn-apotheke.at\/katalog\/wp-json\/wp\/v2\/product\/63740","targetHints":{"allow":["GET"]}}],"collection":[{"href":"https:\/\/www.ernstbrunn-apotheke.at\/katalog\/wp-json\/wp\/v2\/product"}],"about":[{"href":"https:\/\/www.ernstbrunn-apotheke.at\/katalog\/wp-json\/wp\/v2\/types\/product"}],"wp:featuredmedia":[{"embeddable":true,"href":"https:\/\/www.ernstbrunn-apotheke.at\/katalog\/wp-json\/wp\/v2\/media\/63742"}],"wp:attachment":[{"href":"https:\/\/www.ernstbrunn-apotheke.at\/katalog\/wp-json\/wp\/v2\/media?parent=63740"}],"wp:term":[{"taxonomy":"product_brand","embeddable":true,"href":"https:\/\/www.ernstbrunn-apotheke.at\/katalog\/wp-json\/wp\/v2\/product_brand?post=63740"},{"taxonomy":"product_cat","embeddable":true,"href":"https:\/\/www.ernstbrunn-apotheke.at\/katalog\/wp-json\/wp\/v2\/product_cat?post=63740"},{"taxonomy":"product_tag","embeddable":true,"href":"https:\/\/www.ernstbrunn-apotheke.at\/katalog\/wp-json\/wp\/v2\/product_tag?post=63740"}],"curies":[{"name":"wp","href":"https:\/\/api.w.org\/{rel}","templated":true}]}}