{"id":63718,"date":"2025-11-11T11:22:41","date_gmt":"2025-11-11T10:22:41","guid":{"rendered":"https:\/\/www.ernstbrunn-apotheke.at\/katalog\/produkt\/nacl-09-ecolav-loesung-500-ml-10-stk\/"},"modified":"2025-12-08T17:38:10","modified_gmt":"2025-12-08T16:38:10","slug":"nacl-09-ecolav-loesung-500-ml-10-stk","status":"publish","type":"product","link":"https:\/\/www.ernstbrunn-apotheke.at\/katalog\/produkt\/nacl-09-ecolav-loesung-500-ml-10-stk\/","title":{"rendered":"NaCl 0,9% Ecolav L\u00f6sung 500 ml 10 Stk."},"content":{"rendered":"<p>NaCl 0,9% Ecolav Sp\u00fclll\u00f6sung ist steril, pyrogenfrei und zeitsparend in der Anwendung. Die L\u00f6sung dient zum Sp\u00fclen, Reinigen und Befeuchten von Wunden und wird auch f\u00fcr die Reinigung bei der Stomaversorgung verwendet werden.<\/p>\n","protected":false},"excerpt":{"rendered":"<p>NaCl 0,9% Ecolav Sp\u00fclll\u00f6sung ist steril, pyrogenfrei und zeitsparend in der Anwendung. Die L\u00f6sung dient zum Sp\u00fclen, Reinigen und Befeuchten von Wunden und wird auch f\u00fcr die Reinigung bei der Stomaversorgung verwendet werden.<\/p>\n","protected":false},"featured_media":0,"template":"","meta":{"_acf_changed":false},"product_brand":[],"product_cat":[797],"product_tag":[],"class_list":{"0":"post-63718","1":"product","2":"type-product","3":"status-publish","5":"product_cat-n","6":"pa_packungsgroesse-10-stueck","8":"first","9":"instock","10":"shipping-taxable","11":"purchasable","12":"product-type-simple"},"acf":[],"_links":{"self":[{"href":"https:\/\/www.ernstbrunn-apotheke.at\/katalog\/wp-json\/wp\/v2\/product\/63718","targetHints":{"allow":["GET"]}}],"collection":[{"href":"https:\/\/www.ernstbrunn-apotheke.at\/katalog\/wp-json\/wp\/v2\/product"}],"about":[{"href":"https:\/\/www.ernstbrunn-apotheke.at\/katalog\/wp-json\/wp\/v2\/types\/product"}],"wp:attachment":[{"href":"https:\/\/www.ernstbrunn-apotheke.at\/katalog\/wp-json\/wp\/v2\/media?parent=63718"}],"wp:term":[{"taxonomy":"product_brand","embeddable":true,"href":"https:\/\/www.ernstbrunn-apotheke.at\/katalog\/wp-json\/wp\/v2\/product_brand?post=63718"},{"taxonomy":"product_cat","embeddable":true,"href":"https:\/\/www.ernstbrunn-apotheke.at\/katalog\/wp-json\/wp\/v2\/product_cat?post=63718"},{"taxonomy":"product_tag","embeddable":true,"href":"https:\/\/www.ernstbrunn-apotheke.at\/katalog\/wp-json\/wp\/v2\/product_tag?post=63718"}],"curies":[{"name":"wp","href":"https:\/\/api.w.org\/{rel}","templated":true}]}}