{"id":63715,"date":"2025-11-11T11:22:41","date_gmt":"2025-11-11T10:22:41","guid":{"rendered":"https:\/\/www.ernstbrunn-apotheke.at\/katalog\/produkt\/vitamin-d3-kapseln-mse-10000-i-e-30-stk\/"},"modified":"2025-12-08T17:38:09","modified_gmt":"2025-12-08T16:38:09","slug":"vitamin-d3-kapseln-mse-10000-i-e-30-stk","status":"publish","type":"product","link":"https:\/\/www.ernstbrunn-apotheke.at\/katalog\/produkt\/vitamin-d3-kapseln-mse-10000-i-e-30-stk\/","title":{"rendered":"Vitamin D3 Kapseln Mse 10000 I.E 30 Stk."},"content":{"rendered":"<p>Vitamin D3 Kapseln Mse 10000 I.E sind ein Nahrungserg\u00e4nzungsmittel zur Aufrechterhaltung und Unterst\u00fctzung normaler Knochen-, Immun-, Muskel- sowie Zellteilungsfunktionen. Vitamin D3 sch\u00fctzt die Mitochondrien vor der oxidativen Belastung durch Freie Radikale.<\/p>\n","protected":false},"excerpt":{"rendered":"<p>Vitamin D3 Kapseln Mse 10000 I.E sind ein Nahrungserg\u00e4nzungsmittel zur Aufrechterhaltung und Unterst\u00fctzung normaler Knochen-, Immun-, Muskel- sowie Zellteilungsfunktionen. Vitamin D3 sch\u00fctzt die Mitochondrien vor der oxidativen Belastung durch Freie Radikale.<\/p>\n","protected":false},"featured_media":63717,"template":"","meta":{"_acf_changed":false},"product_brand":[],"product_cat":[799],"product_tag":[],"class_list":{"0":"post-63715","1":"product","2":"type-product","3":"status-publish","4":"has-post-thumbnail","6":"product_cat-v","7":"pa_packungsgroesse-30-stueck","9":"first","10":"instock","11":"shipping-taxable","12":"purchasable","13":"product-type-simple"},"acf":[],"_links":{"self":[{"href":"https:\/\/www.ernstbrunn-apotheke.at\/katalog\/wp-json\/wp\/v2\/product\/63715","targetHints":{"allow":["GET"]}}],"collection":[{"href":"https:\/\/www.ernstbrunn-apotheke.at\/katalog\/wp-json\/wp\/v2\/product"}],"about":[{"href":"https:\/\/www.ernstbrunn-apotheke.at\/katalog\/wp-json\/wp\/v2\/types\/product"}],"wp:featuredmedia":[{"embeddable":true,"href":"https:\/\/www.ernstbrunn-apotheke.at\/katalog\/wp-json\/wp\/v2\/media\/63717"}],"wp:attachment":[{"href":"https:\/\/www.ernstbrunn-apotheke.at\/katalog\/wp-json\/wp\/v2\/media?parent=63715"}],"wp:term":[{"taxonomy":"product_brand","embeddable":true,"href":"https:\/\/www.ernstbrunn-apotheke.at\/katalog\/wp-json\/wp\/v2\/product_brand?post=63715"},{"taxonomy":"product_cat","embeddable":true,"href":"https:\/\/www.ernstbrunn-apotheke.at\/katalog\/wp-json\/wp\/v2\/product_cat?post=63715"},{"taxonomy":"product_tag","embeddable":true,"href":"https:\/\/www.ernstbrunn-apotheke.at\/katalog\/wp-json\/wp\/v2\/product_tag?post=63715"}],"curies":[{"name":"wp","href":"https:\/\/api.w.org\/{rel}","templated":true}]}}