{"id":63707,"date":"2025-11-11T11:22:41","date_gmt":"2025-11-11T10:22:41","guid":{"rendered":"https:\/\/www.ernstbrunn-apotheke.at\/katalog\/produkt\/telfa-kompressen-5-x-75-cm-15-stk\/"},"modified":"2025-12-08T17:38:07","modified_gmt":"2025-12-08T16:38:07","slug":"telfa-kompressen-5-x-75-cm-15-stk","status":"publish","type":"product","link":"https:\/\/www.ernstbrunn-apotheke.at\/katalog\/produkt\/telfa-kompressen-5-x-75-cm-15-stk\/","title":{"rendered":"Telfa Kompressen 5 x 7,5 cm 15 Stk."},"content":{"rendered":"<p>Mit einem breiten Spektrum anwendergerechter Produkte und ma\u00e1geschneiderter Serviceleistungen bietet Hartmann innovative Systemangebote f\u00fcr Profis in Medizin und Pflege. Damit tragen wir dazu bei, die t\u00e4gliche Arbeit zum Wohl der Patienten effektiv und wirtschaftlich zu gestalten. Partnerschaftlich, pragmatisch, passioniert.<\/p>\n","protected":false},"excerpt":{"rendered":"<p>Mit einem breiten Spektrum anwendergerechter Produkte und ma\u00e1geschneiderter Serviceleistungen bietet Hartmann innovative Systemangebote f\u00fcr Profis in Medizin und Pflege. Damit tragen wir dazu bei, die t\u00e4gliche Arbeit zum Wohl der Patienten effektiv und wirtschaftlich zu gestalten. Partnerschaftlich, pragmatisch, passioniert.<\/p>\n","protected":false},"featured_media":63709,"template":"","meta":{"_acf_changed":false},"product_brand":[],"product_cat":[798],"product_tag":[],"class_list":{"0":"post-63707","1":"product","2":"type-product","3":"status-publish","4":"has-post-thumbnail","6":"product_cat-t","7":"pa_packungsgroesse-15-stueck","9":"first","10":"instock","11":"shipping-taxable","12":"purchasable","13":"product-type-simple"},"acf":[],"_links":{"self":[{"href":"https:\/\/www.ernstbrunn-apotheke.at\/katalog\/wp-json\/wp\/v2\/product\/63707","targetHints":{"allow":["GET"]}}],"collection":[{"href":"https:\/\/www.ernstbrunn-apotheke.at\/katalog\/wp-json\/wp\/v2\/product"}],"about":[{"href":"https:\/\/www.ernstbrunn-apotheke.at\/katalog\/wp-json\/wp\/v2\/types\/product"}],"wp:featuredmedia":[{"embeddable":true,"href":"https:\/\/www.ernstbrunn-apotheke.at\/katalog\/wp-json\/wp\/v2\/media\/63709"}],"wp:attachment":[{"href":"https:\/\/www.ernstbrunn-apotheke.at\/katalog\/wp-json\/wp\/v2\/media?parent=63707"}],"wp:term":[{"taxonomy":"product_brand","embeddable":true,"href":"https:\/\/www.ernstbrunn-apotheke.at\/katalog\/wp-json\/wp\/v2\/product_brand?post=63707"},{"taxonomy":"product_cat","embeddable":true,"href":"https:\/\/www.ernstbrunn-apotheke.at\/katalog\/wp-json\/wp\/v2\/product_cat?post=63707"},{"taxonomy":"product_tag","embeddable":true,"href":"https:\/\/www.ernstbrunn-apotheke.at\/katalog\/wp-json\/wp\/v2\/product_tag?post=63707"}],"curies":[{"name":"wp","href":"https:\/\/api.w.org\/{rel}","templated":true}]}}