{"id":63693,"date":"2025-11-11T11:22:41","date_gmt":"2025-11-11T10:22:41","guid":{"rendered":"https:\/\/www.ernstbrunn-apotheke.at\/katalog\/produkt\/leukomed-t-plus-72-x-5-cm-50-stk\/"},"modified":"2025-12-08T17:38:03","modified_gmt":"2025-12-08T16:38:03","slug":"leukomed-t-plus-72-x-5-cm-50-stk","status":"publish","type":"product","link":"https:\/\/www.ernstbrunn-apotheke.at\/katalog\/produkt\/leukomed-t-plus-72-x-5-cm-50-stk\/","title":{"rendered":"Leukomed T Plus 7,2 x 5 cm 50 Stk."},"content":{"rendered":"<p>Leukomed T Plus bietet nicht nur dem Anwender eine Vielzahl an M\u00f6glichkeiten, auch der Patient profitiert von den wasser- und keimdichten Eigenschaften des sterilen Wundverbandes. Dieser postoperative Folienverband mit seiner stark saugf\u00e4higen Wundauflage erm\u00f6glicht es dem Patienten, seine gewohnten Alltagsaktivit\u00e4ten fr\u00fchzeitig wieder aufzunehmen. Abmessungen: 7,2 cm x 5 cm  50 Stk..<\/p>\n","protected":false},"excerpt":{"rendered":"<p>Leukomed T Plus bietet nicht nur dem Anwender eine Vielzahl an M\u00f6glichkeiten, auch der Patient profitiert von den wasser- und keimdichten Eigenschaften des sterilen Wundverbandes. Dieser postoperative Folienverband mit seiner stark saugf\u00e4higen Wundauflage erm\u00f6glicht es dem Patienten, seine gewohnten Alltagsaktivit\u00e4ten fr\u00fchzeitig wieder aufzunehmen. Abmessungen: 7,2 cm x 5 cm 50 Stk..<\/p>\n","protected":false},"featured_media":63695,"template":"","meta":{"_acf_changed":false},"product_brand":[],"product_cat":[795],"product_tag":[],"class_list":{"0":"post-63693","1":"product","2":"type-product","3":"status-publish","4":"has-post-thumbnail","6":"product_cat-l","7":"pa_packungsgroesse-50-stueck","9":"first","10":"instock","11":"shipping-taxable","12":"purchasable","13":"product-type-simple"},"acf":[],"_links":{"self":[{"href":"https:\/\/www.ernstbrunn-apotheke.at\/katalog\/wp-json\/wp\/v2\/product\/63693","targetHints":{"allow":["GET"]}}],"collection":[{"href":"https:\/\/www.ernstbrunn-apotheke.at\/katalog\/wp-json\/wp\/v2\/product"}],"about":[{"href":"https:\/\/www.ernstbrunn-apotheke.at\/katalog\/wp-json\/wp\/v2\/types\/product"}],"wp:featuredmedia":[{"embeddable":true,"href":"https:\/\/www.ernstbrunn-apotheke.at\/katalog\/wp-json\/wp\/v2\/media\/63695"}],"wp:attachment":[{"href":"https:\/\/www.ernstbrunn-apotheke.at\/katalog\/wp-json\/wp\/v2\/media?parent=63693"}],"wp:term":[{"taxonomy":"product_brand","embeddable":true,"href":"https:\/\/www.ernstbrunn-apotheke.at\/katalog\/wp-json\/wp\/v2\/product_brand?post=63693"},{"taxonomy":"product_cat","embeddable":true,"href":"https:\/\/www.ernstbrunn-apotheke.at\/katalog\/wp-json\/wp\/v2\/product_cat?post=63693"},{"taxonomy":"product_tag","embeddable":true,"href":"https:\/\/www.ernstbrunn-apotheke.at\/katalog\/wp-json\/wp\/v2\/product_tag?post=63693"}],"curies":[{"name":"wp","href":"https:\/\/api.w.org\/{rel}","templated":true}]}}