{"id":63623,"date":"2025-11-11T11:21:35","date_gmt":"2025-11-11T10:21:35","guid":{"rendered":"https:\/\/www.ernstbrunn-apotheke.at\/katalog\/produkt\/zeinpharma-quercetin-250-mg-kapseln-90-stk\/"},"modified":"2025-12-08T17:37:34","modified_gmt":"2025-12-08T16:37:34","slug":"zeinpharma-quercetin-250-mg-kapseln-90-stk","status":"publish","type":"product","link":"https:\/\/www.ernstbrunn-apotheke.at\/katalog\/produkt\/zeinpharma-quercetin-250-mg-kapseln-90-stk\/","title":{"rendered":"ZeinPharma Quercetin 250 mg Kapseln 90 Stk."},"content":{"rendered":"<p>ZeinPharma Quercetin 250 mg Kapseln beinhalten je 250 mg reinem Quercetin, gewonnen aus den Bl\u00fcten des japanischen Schnurbaums. \u00dcberzeugen Sie sich jetzt von der Effektivit\u00e4t dieses kostbaren sekund\u00e4ren Pflanzenstoffs und bestellen Sie hier gehobene Qualit\u00e4t zum fairen Preis.<\/p>\n","protected":false},"excerpt":{"rendered":"<p>ZeinPharma Quercetin 250 mg Kapseln beinhalten je 250 mg reinem Quercetin, gewonnen aus den Bl\u00fcten des japanischen Schnurbaums. \u00dcberzeugen Sie sich jetzt von der Effektivit\u00e4t dieses kostbaren sekund\u00e4ren Pflanzenstoffs und bestellen Sie hier gehobene Qualit\u00e4t zum fairen Preis.<\/p>\n","protected":false},"featured_media":63625,"template":"","meta":{"_acf_changed":false},"product_brand":[],"product_cat":[803],"product_tag":[],"class_list":{"0":"post-63623","1":"product","2":"type-product","3":"status-publish","4":"has-post-thumbnail","6":"product_cat-z","7":"pa_packungsgroesse-90-stueck","9":"first","10":"instock","11":"shipping-taxable","12":"purchasable","13":"product-type-simple"},"acf":[],"_links":{"self":[{"href":"https:\/\/www.ernstbrunn-apotheke.at\/katalog\/wp-json\/wp\/v2\/product\/63623","targetHints":{"allow":["GET"]}}],"collection":[{"href":"https:\/\/www.ernstbrunn-apotheke.at\/katalog\/wp-json\/wp\/v2\/product"}],"about":[{"href":"https:\/\/www.ernstbrunn-apotheke.at\/katalog\/wp-json\/wp\/v2\/types\/product"}],"wp:featuredmedia":[{"embeddable":true,"href":"https:\/\/www.ernstbrunn-apotheke.at\/katalog\/wp-json\/wp\/v2\/media\/63625"}],"wp:attachment":[{"href":"https:\/\/www.ernstbrunn-apotheke.at\/katalog\/wp-json\/wp\/v2\/media?parent=63623"}],"wp:term":[{"taxonomy":"product_brand","embeddable":true,"href":"https:\/\/www.ernstbrunn-apotheke.at\/katalog\/wp-json\/wp\/v2\/product_brand?post=63623"},{"taxonomy":"product_cat","embeddable":true,"href":"https:\/\/www.ernstbrunn-apotheke.at\/katalog\/wp-json\/wp\/v2\/product_cat?post=63623"},{"taxonomy":"product_tag","embeddable":true,"href":"https:\/\/www.ernstbrunn-apotheke.at\/katalog\/wp-json\/wp\/v2\/product_tag?post=63623"}],"curies":[{"name":"wp","href":"https:\/\/api.w.org\/{rel}","templated":true}]}}