{"id":63606,"date":"2025-11-11T11:20:44","date_gmt":"2025-11-11T10:20:44","guid":{"rendered":"https:\/\/www.ernstbrunn-apotheke.at\/katalog\/produkt\/nuxe-nuxur-ultra-aa-handcreme-75-ml\/"},"modified":"2025-12-08T17:37:30","modified_gmt":"2025-12-08T16:37:30","slug":"nuxe-nuxur-ultra-aa-handcreme-75-ml","status":"publish","type":"product","link":"https:\/\/www.ernstbrunn-apotheke.at\/katalog\/produkt\/nuxe-nuxur-ultra-aa-handcreme-75-ml\/","title":{"rendered":"NUXE NUXUR ULTRA AA HANDCREME 75 ML"},"content":{"rendered":"<p>Nuxe Nuxuriance Ultra Handcreme mit bifloralen Zellen aus Safran und Bougainvillea gl\u00e4ttet die Haut, polstert sie auf und hellt Pigmentflecken auf. Dank der Handcreme wirken die H\u00e4nde j\u00fcnger, die Haut wird glatter und geschmeidiger.<\/p>\n","protected":false},"excerpt":{"rendered":"<p>Nuxe Nuxuriance Ultra Handcreme mit bifloralen Zellen aus Safran und Bougainvillea gl\u00e4ttet die Haut, polstert sie auf und hellt Pigmentflecken auf. Dank der Handcreme wirken die H\u00e4nde j\u00fcnger, die Haut wird glatter und geschmeidiger.<\/p>\n","protected":false},"featured_media":63608,"template":"","meta":{"_acf_changed":false},"product_brand":[705],"product_cat":[797],"product_tag":[],"class_list":{"0":"post-63606","1":"product","2":"type-product","3":"status-publish","4":"has-post-thumbnail","6":"product_brand-nuxe","7":"product_cat-n","8":"pa_packungsgroesse-75ml","10":"first","11":"instock","12":"shipping-taxable","13":"purchasable","14":"product-type-simple"},"acf":[],"_links":{"self":[{"href":"https:\/\/www.ernstbrunn-apotheke.at\/katalog\/wp-json\/wp\/v2\/product\/63606","targetHints":{"allow":["GET"]}}],"collection":[{"href":"https:\/\/www.ernstbrunn-apotheke.at\/katalog\/wp-json\/wp\/v2\/product"}],"about":[{"href":"https:\/\/www.ernstbrunn-apotheke.at\/katalog\/wp-json\/wp\/v2\/types\/product"}],"wp:featuredmedia":[{"embeddable":true,"href":"https:\/\/www.ernstbrunn-apotheke.at\/katalog\/wp-json\/wp\/v2\/media\/63608"}],"wp:attachment":[{"href":"https:\/\/www.ernstbrunn-apotheke.at\/katalog\/wp-json\/wp\/v2\/media?parent=63606"}],"wp:term":[{"taxonomy":"product_brand","embeddable":true,"href":"https:\/\/www.ernstbrunn-apotheke.at\/katalog\/wp-json\/wp\/v2\/product_brand?post=63606"},{"taxonomy":"product_cat","embeddable":true,"href":"https:\/\/www.ernstbrunn-apotheke.at\/katalog\/wp-json\/wp\/v2\/product_cat?post=63606"},{"taxonomy":"product_tag","embeddable":true,"href":"https:\/\/www.ernstbrunn-apotheke.at\/katalog\/wp-json\/wp\/v2\/product_tag?post=63606"}],"curies":[{"name":"wp","href":"https:\/\/api.w.org\/{rel}","templated":true}]}}