{"id":63510,"date":"2025-11-11T11:18:53","date_gmt":"2025-11-11T10:18:53","guid":{"rendered":"https:\/\/www.ernstbrunn-apotheke.at\/katalog\/produkt\/ladival-fuer-kinder-sonnenschutz-50-ml\/"},"modified":"2025-12-08T17:36:59","modified_gmt":"2025-12-08T16:36:59","slug":"ladival-fuer-kinder-sonnenschutz-50-ml","status":"publish","type":"product","link":"https:\/\/www.ernstbrunn-apotheke.at\/katalog\/produkt\/ladival-fuer-kinder-sonnenschutz-50-ml\/","title":{"rendered":"Ladival F\u00fcr Kinder Sonnenschutz 50 ml"},"content":{"rendered":"<p>Kinderhaut ist viel d\u00fcnner und empfindlicher als die Haut von Erwachsenen und stellt deshalb h\u00f6chste Anforderungen an den Sonnenschutz. Ladival\u00ae F\u00fcr Kinder Sonnenschutz Creme wurde speziell f\u00fcr die besonderen Bed\u00fcrfnisse der Kinderhaut entwickelt und ist auch zur Anwendung bei Neurodermitis geeignet. Die sehr reichhaltige Creme pflegt intensiv und ist besonders praktisch f\u00fcr Kindergarten oder Spielplatz &#8211; wir f\u00fchren alle Produkte von Ladival\u00ae zu Sonderpreisen!<\/p>\n","protected":false},"excerpt":{"rendered":"<p>Kinderhaut ist viel d\u00fcnner und empfindlicher als die Haut von Erwachsenen und stellt deshalb h\u00f6chste Anforderungen an den Sonnenschutz. Ladival\u00ae F\u00fcr Kinder Sonnenschutz Creme wurde speziell f\u00fcr die besonderen Bed\u00fcrfnisse der Kinderhaut entwickelt und ist auch zur Anwendung bei Neurodermitis geeignet. Die sehr reichhaltige Creme pflegt intensiv und ist besonders praktisch f\u00fcr Kindergarten oder Spielplatz [&hellip;]<\/p>\n","protected":false},"featured_media":63512,"template":"","meta":{"_acf_changed":false},"product_brand":[1027],"product_cat":[795],"product_tag":[],"class_list":{"0":"post-63510","1":"product","2":"type-product","3":"status-publish","4":"has-post-thumbnail","6":"product_brand-ladival","7":"product_cat-l","8":"pa_packungsgroesse-50ml","10":"first","11":"instock","12":"shipping-taxable","13":"purchasable","14":"product-type-simple"},"acf":[],"_links":{"self":[{"href":"https:\/\/www.ernstbrunn-apotheke.at\/katalog\/wp-json\/wp\/v2\/product\/63510","targetHints":{"allow":["GET"]}}],"collection":[{"href":"https:\/\/www.ernstbrunn-apotheke.at\/katalog\/wp-json\/wp\/v2\/product"}],"about":[{"href":"https:\/\/www.ernstbrunn-apotheke.at\/katalog\/wp-json\/wp\/v2\/types\/product"}],"wp:featuredmedia":[{"embeddable":true,"href":"https:\/\/www.ernstbrunn-apotheke.at\/katalog\/wp-json\/wp\/v2\/media\/63512"}],"wp:attachment":[{"href":"https:\/\/www.ernstbrunn-apotheke.at\/katalog\/wp-json\/wp\/v2\/media?parent=63510"}],"wp:term":[{"taxonomy":"product_brand","embeddable":true,"href":"https:\/\/www.ernstbrunn-apotheke.at\/katalog\/wp-json\/wp\/v2\/product_brand?post=63510"},{"taxonomy":"product_cat","embeddable":true,"href":"https:\/\/www.ernstbrunn-apotheke.at\/katalog\/wp-json\/wp\/v2\/product_cat?post=63510"},{"taxonomy":"product_tag","embeddable":true,"href":"https:\/\/www.ernstbrunn-apotheke.at\/katalog\/wp-json\/wp\/v2\/product_tag?post=63510"}],"curies":[{"name":"wp","href":"https:\/\/api.w.org\/{rel}","templated":true}]}}