{"id":63490,"date":"2025-11-11T11:18:53","date_gmt":"2025-11-11T10:18:53","guid":{"rendered":"https:\/\/www.ernstbrunn-apotheke.at\/katalog\/produkt\/acerola-lutschtabletten-apofit\/"},"modified":"2025-12-08T17:36:50","modified_gmt":"2025-12-08T16:36:50","slug":"acerola-lutschtabletten-apofit","status":"publish","type":"product","link":"https:\/\/www.ernstbrunn-apotheke.at\/katalog\/produkt\/acerola-lutschtabletten-apofit\/","title":{"rendered":"Acerola Lutschtabletten Apofit"},"content":{"rendered":"<p>Apofit Acerola Lutschtabletten ist eine Nahrungserg\u00e4nzung zur Unterst\u00fctzung unserer Abwehrkr\u00e4fte. Die Acerola-Kirsche geh\u00f6rt zu den Fr\u00fcchten mit dem h\u00f6chsten Vitamin-C Gehalt. Vitamin C ist f\u00fcr uns lebenswichtig. Unser K\u00f6rper kann Vitamin C jedoch nicht selbst herstellen. Eine regelm\u00e4\u00dfige Nahrungserg\u00e4nzung ist deshalb zum Erhalt unserer Gesundheit und zur Unterst\u00fctzung unserer Abwehrkr\u00e4fte sehr zu empfehlen.<\/p>\n","protected":false},"excerpt":{"rendered":"<p>Apofit Acerola Lutschtabletten ist eine Nahrungserg\u00e4nzung zur Unterst\u00fctzung unserer Abwehrkr\u00e4fte. Die Acerola-Kirsche geh\u00f6rt zu den Fr\u00fcchten mit dem h\u00f6chsten Vitamin-C Gehalt. Vitamin C ist f\u00fcr uns lebenswichtig. Unser K\u00f6rper kann Vitamin C jedoch nicht selbst herstellen. Eine regelm\u00e4\u00dfige Nahrungserg\u00e4nzung ist deshalb zum Erhalt unserer Gesundheit und zur Unterst\u00fctzung unserer Abwehrkr\u00e4fte sehr zu empfehlen.<\/p>\n","protected":false},"featured_media":63492,"template":"","meta":{"_acf_changed":false},"product_brand":[584],"product_cat":[801],"product_tag":[],"class_list":{"0":"post-63490","1":"product","2":"type-product","3":"status-publish","4":"has-post-thumbnail","6":"product_brand-apofit","7":"product_cat-a","8":"pa_packungsgroesse-100-stueck","10":"first","11":"instock","12":"shipping-taxable","13":"purchasable","14":"product-type-simple"},"acf":[],"_links":{"self":[{"href":"https:\/\/www.ernstbrunn-apotheke.at\/katalog\/wp-json\/wp\/v2\/product\/63490","targetHints":{"allow":["GET"]}}],"collection":[{"href":"https:\/\/www.ernstbrunn-apotheke.at\/katalog\/wp-json\/wp\/v2\/product"}],"about":[{"href":"https:\/\/www.ernstbrunn-apotheke.at\/katalog\/wp-json\/wp\/v2\/types\/product"}],"wp:featuredmedia":[{"embeddable":true,"href":"https:\/\/www.ernstbrunn-apotheke.at\/katalog\/wp-json\/wp\/v2\/media\/63492"}],"wp:attachment":[{"href":"https:\/\/www.ernstbrunn-apotheke.at\/katalog\/wp-json\/wp\/v2\/media?parent=63490"}],"wp:term":[{"taxonomy":"product_brand","embeddable":true,"href":"https:\/\/www.ernstbrunn-apotheke.at\/katalog\/wp-json\/wp\/v2\/product_brand?post=63490"},{"taxonomy":"product_cat","embeddable":true,"href":"https:\/\/www.ernstbrunn-apotheke.at\/katalog\/wp-json\/wp\/v2\/product_cat?post=63490"},{"taxonomy":"product_tag","embeddable":true,"href":"https:\/\/www.ernstbrunn-apotheke.at\/katalog\/wp-json\/wp\/v2\/product_tag?post=63490"}],"curies":[{"name":"wp","href":"https:\/\/api.w.org\/{rel}","templated":true}]}}