{"id":63456,"date":"2025-11-11T11:18:21","date_gmt":"2025-11-11T10:18:21","guid":{"rendered":"https:\/\/www.ernstbrunn-apotheke.at\/katalog\/produkt\/moelnlycke-mepilex-border-lite-verband-5-stk-15-x-15-cm\/"},"modified":"2025-12-08T17:36:33","modified_gmt":"2025-12-08T16:36:33","slug":"moelnlycke-mepilex-border-lite-verband-5-stk-15-x-15-cm","status":"publish","type":"product","link":"https:\/\/www.ernstbrunn-apotheke.at\/katalog\/produkt\/moelnlycke-mepilex-border-lite-verband-5-stk-15-x-15-cm\/","title":{"rendered":"M\u00f6lnlycke Mepilex Border Lite Verband 5 Stk. 15 x 15 cm"},"content":{"rendered":"<p>M\u00f6lnlycke Health Care ist einer der weltweit f\u00fchrenden Anbieter von OP-Einwegprodukten und Produkten f\u00fcr die Wundversorgung f\u00fcr medizinische Fachkr\u00e4fte und Patienten. M\u00f6lnlycke Health Care  entwickelt und vermarktet innovative Produkte f\u00fcr verschiedenste Einsatzfelder in der Wundversorgung und der Chirurgie.<\/p>\n","protected":false},"excerpt":{"rendered":"<p>M\u00f6lnlycke Health Care ist einer der weltweit f\u00fchrenden Anbieter von OP-Einwegprodukten und Produkten f\u00fcr die Wundversorgung f\u00fcr medizinische Fachkr\u00e4fte und Patienten. M\u00f6lnlycke Health Care entwickelt und vermarktet innovative Produkte f\u00fcr verschiedenste Einsatzfelder in der Wundversorgung und der Chirurgie.<\/p>\n","protected":false},"featured_media":63458,"template":"","meta":{"_acf_changed":false},"product_brand":[],"product_cat":[800],"product_tag":[],"class_list":{"0":"post-63456","1":"product","2":"type-product","3":"status-publish","4":"has-post-thumbnail","6":"product_cat-m","7":"pa_packungsgroesse-5-stueck","9":"first","10":"instock","11":"shipping-taxable","12":"purchasable","13":"product-type-simple"},"acf":[],"_links":{"self":[{"href":"https:\/\/www.ernstbrunn-apotheke.at\/katalog\/wp-json\/wp\/v2\/product\/63456","targetHints":{"allow":["GET"]}}],"collection":[{"href":"https:\/\/www.ernstbrunn-apotheke.at\/katalog\/wp-json\/wp\/v2\/product"}],"about":[{"href":"https:\/\/www.ernstbrunn-apotheke.at\/katalog\/wp-json\/wp\/v2\/types\/product"}],"wp:featuredmedia":[{"embeddable":true,"href":"https:\/\/www.ernstbrunn-apotheke.at\/katalog\/wp-json\/wp\/v2\/media\/63458"}],"wp:attachment":[{"href":"https:\/\/www.ernstbrunn-apotheke.at\/katalog\/wp-json\/wp\/v2\/media?parent=63456"}],"wp:term":[{"taxonomy":"product_brand","embeddable":true,"href":"https:\/\/www.ernstbrunn-apotheke.at\/katalog\/wp-json\/wp\/v2\/product_brand?post=63456"},{"taxonomy":"product_cat","embeddable":true,"href":"https:\/\/www.ernstbrunn-apotheke.at\/katalog\/wp-json\/wp\/v2\/product_cat?post=63456"},{"taxonomy":"product_tag","embeddable":true,"href":"https:\/\/www.ernstbrunn-apotheke.at\/katalog\/wp-json\/wp\/v2\/product_tag?post=63456"}],"curies":[{"name":"wp","href":"https:\/\/api.w.org\/{rel}","templated":true}]}}