{"id":63360,"date":"2025-11-11T11:16:47","date_gmt":"2025-11-11T10:16:47","guid":{"rendered":"https:\/\/www.ernstbrunn-apotheke.at\/katalog\/produkt\/schoenenberger-saft-mistel-200-ml-bio\/"},"modified":"2025-12-08T17:35:53","modified_gmt":"2025-12-08T16:35:53","slug":"schoenenberger-saft-mistel-200-ml-bio","status":"publish","type":"product","link":"https:\/\/www.ernstbrunn-apotheke.at\/katalog\/produkt\/schoenenberger-saft-mistel-200-ml-bio\/","title":{"rendered":"Schoenenberger Saft Mistel 200 ml BIO"},"content":{"rendered":"<p>Schoenenberger Saft Mistel ist ein traditionelles pflanzliches Arzneimittel zur Unterst\u00fctzung der Kreislauf-Funktion ausschlie\u00dflich aufgrund langj\u00e4hriger Anwendung<\/p>\n","protected":false},"excerpt":{"rendered":"<p>Schoenenberger Saft Mistel ist ein traditionelles pflanzliches Arzneimittel zur Unterst\u00fctzung der Kreislauf-Funktion ausschlie\u00dflich aufgrund langj\u00e4hriger Anwendung<\/p>\n","protected":false},"featured_media":63362,"template":"","meta":{"_acf_changed":false},"product_brand":[],"product_cat":[791],"product_tag":[],"class_list":{"0":"post-63360","1":"product","2":"type-product","3":"status-publish","4":"has-post-thumbnail","6":"product_cat-s","7":"pa_packungsgroesse-200ml","9":"first","10":"instock","11":"shipping-taxable","12":"purchasable","13":"product-type-simple"},"acf":[],"_links":{"self":[{"href":"https:\/\/www.ernstbrunn-apotheke.at\/katalog\/wp-json\/wp\/v2\/product\/63360","targetHints":{"allow":["GET"]}}],"collection":[{"href":"https:\/\/www.ernstbrunn-apotheke.at\/katalog\/wp-json\/wp\/v2\/product"}],"about":[{"href":"https:\/\/www.ernstbrunn-apotheke.at\/katalog\/wp-json\/wp\/v2\/types\/product"}],"wp:featuredmedia":[{"embeddable":true,"href":"https:\/\/www.ernstbrunn-apotheke.at\/katalog\/wp-json\/wp\/v2\/media\/63362"}],"wp:attachment":[{"href":"https:\/\/www.ernstbrunn-apotheke.at\/katalog\/wp-json\/wp\/v2\/media?parent=63360"}],"wp:term":[{"taxonomy":"product_brand","embeddable":true,"href":"https:\/\/www.ernstbrunn-apotheke.at\/katalog\/wp-json\/wp\/v2\/product_brand?post=63360"},{"taxonomy":"product_cat","embeddable":true,"href":"https:\/\/www.ernstbrunn-apotheke.at\/katalog\/wp-json\/wp\/v2\/product_cat?post=63360"},{"taxonomy":"product_tag","embeddable":true,"href":"https:\/\/www.ernstbrunn-apotheke.at\/katalog\/wp-json\/wp\/v2\/product_tag?post=63360"}],"curies":[{"name":"wp","href":"https:\/\/api.w.org\/{rel}","templated":true}]}}