{"id":63342,"date":"2025-11-11T11:15:59","date_gmt":"2025-11-11T10:15:59","guid":{"rendered":"https:\/\/www.ernstbrunn-apotheke.at\/katalog\/produkt\/adler-bachblueten-5-flower-creme-30-g\/"},"modified":"2025-12-08T17:35:46","modified_gmt":"2025-12-08T16:35:46","slug":"adler-bachblueten-5-flower-creme-30-g","status":"publish","type":"product","link":"https:\/\/www.ernstbrunn-apotheke.at\/katalog\/produkt\/adler-bachblueten-5-flower-creme-30-g\/","title":{"rendered":"Adler Bachbl\u00fcten 5 flower Creme 30 g"},"content":{"rendered":"<p>Adler Bachbl\u00fcten 5 flower Creme 30 g enth\u00e4lt zus\u00e4tzlich zu der klassischen Original Bachbl\u00fcten Mischung die Bachbl\u00fcte Crab Apple und Calendula officinalis. Die Creme unterst\u00fctzt die nat\u00fcrlichen Hautfunktionen, sch\u00fctzt die Haut, spendet Feuchtigkeit und wirkt beruhigend &#8211; profitieren Sie von hohen Rabatten und dem gro\u00dfen Sortiment einer Standortapotheke!<\/p>\n","protected":false},"excerpt":{"rendered":"<p>Adler Bachbl\u00fcten 5 flower Creme 30 g enth\u00e4lt zus\u00e4tzlich zu der klassischen Original Bachbl\u00fcten Mischung die Bachbl\u00fcte Crab Apple und Calendula officinalis. Die Creme unterst\u00fctzt die nat\u00fcrlichen Hautfunktionen, sch\u00fctzt die Haut, spendet Feuchtigkeit und wirkt beruhigend &#8211; profitieren Sie von hohen Rabatten und dem gro\u00dfen Sortiment einer Standortapotheke!<\/p>\n","protected":false},"featured_media":63344,"template":"","meta":{"_acf_changed":false},"product_brand":[928],"product_cat":[801],"product_tag":[],"class_list":{"0":"post-63342","1":"product","2":"type-product","3":"status-publish","4":"has-post-thumbnail","6":"product_brand-adler-pharma","7":"product_cat-a","8":"pa_packungsgroesse-30g","10":"first","11":"instock","12":"shipping-taxable","13":"purchasable","14":"product-type-simple"},"acf":[],"_links":{"self":[{"href":"https:\/\/www.ernstbrunn-apotheke.at\/katalog\/wp-json\/wp\/v2\/product\/63342","targetHints":{"allow":["GET"]}}],"collection":[{"href":"https:\/\/www.ernstbrunn-apotheke.at\/katalog\/wp-json\/wp\/v2\/product"}],"about":[{"href":"https:\/\/www.ernstbrunn-apotheke.at\/katalog\/wp-json\/wp\/v2\/types\/product"}],"wp:featuredmedia":[{"embeddable":true,"href":"https:\/\/www.ernstbrunn-apotheke.at\/katalog\/wp-json\/wp\/v2\/media\/63344"}],"wp:attachment":[{"href":"https:\/\/www.ernstbrunn-apotheke.at\/katalog\/wp-json\/wp\/v2\/media?parent=63342"}],"wp:term":[{"taxonomy":"product_brand","embeddable":true,"href":"https:\/\/www.ernstbrunn-apotheke.at\/katalog\/wp-json\/wp\/v2\/product_brand?post=63342"},{"taxonomy":"product_cat","embeddable":true,"href":"https:\/\/www.ernstbrunn-apotheke.at\/katalog\/wp-json\/wp\/v2\/product_cat?post=63342"},{"taxonomy":"product_tag","embeddable":true,"href":"https:\/\/www.ernstbrunn-apotheke.at\/katalog\/wp-json\/wp\/v2\/product_tag?post=63342"}],"curies":[{"name":"wp","href":"https:\/\/api.w.org\/{rel}","templated":true}]}}