{"id":63210,"date":"2025-11-11T11:13:53","date_gmt":"2025-11-11T10:13:53","guid":{"rendered":"https:\/\/www.ernstbrunn-apotheke.at\/katalog\/produkt\/melasan-sportgetraenk-mit-arginin-rote-beete-650-g\/"},"modified":"2025-12-08T17:35:04","modified_gmt":"2025-12-08T16:35:04","slug":"melasan-sportgetraenk-mit-arginin-rote-beete-650-g","status":"publish","type":"product","link":"https:\/\/www.ernstbrunn-apotheke.at\/katalog\/produkt\/melasan-sportgetraenk-mit-arginin-rote-beete-650-g\/","title":{"rendered":"Melasan Sportgetr\u00e4nk mit Arginin Rote Beete 650 g"},"content":{"rendered":"<p>Das Melasan Sportgetr\u00e4nk enth\u00e4lt Vitamine, Mineralstoffe, Spurenelemente und Arginin. Die semi-essentielle Aminos\u00e4ure L-Arginin erh\u00f6ht die NO-Konzentration im Blut und verbessert dadurch die Blutversorgung. Betain, der Farbstoff der Roten Beete, erzielt einen \u00e4hnlichen Effekt wie Arginin und f\u00f6rdert die Durchblutung in der Muskulatur. Die beiden Wirkstoffe verbessern dadurch die Erm\u00fcdungsf\u00e4higkeit der Muskulatur und gleichzeitig wird der Laktatabbau beschleunigt<\/p>\n","protected":false},"excerpt":{"rendered":"<p>Das Melasan Sportgetr\u00e4nk enth\u00e4lt Vitamine, Mineralstoffe, Spurenelemente und Arginin. Die semi-essentielle Aminos\u00e4ure L-Arginin erh\u00f6ht die NO-Konzentration im Blut und verbessert dadurch die Blutversorgung. Betain, der Farbstoff der Roten Beete, erzielt einen \u00e4hnlichen Effekt wie Arginin und f\u00f6rdert die Durchblutung in der Muskulatur. Die beiden Wirkstoffe verbessern dadurch die Erm\u00fcdungsf\u00e4higkeit der Muskulatur und gleichzeitig wird der [&hellip;]<\/p>\n","protected":false},"featured_media":63212,"template":"","meta":{"_acf_changed":false},"product_brand":[373],"product_cat":[800],"product_tag":[],"class_list":{"0":"post-63210","1":"product","2":"type-product","3":"status-publish","4":"has-post-thumbnail","6":"product_brand-melasan","7":"product_cat-m","8":"pa_packungsgroesse-650g","10":"first","11":"instock","12":"shipping-taxable","13":"purchasable","14":"product-type-simple"},"acf":[],"_links":{"self":[{"href":"https:\/\/www.ernstbrunn-apotheke.at\/katalog\/wp-json\/wp\/v2\/product\/63210","targetHints":{"allow":["GET"]}}],"collection":[{"href":"https:\/\/www.ernstbrunn-apotheke.at\/katalog\/wp-json\/wp\/v2\/product"}],"about":[{"href":"https:\/\/www.ernstbrunn-apotheke.at\/katalog\/wp-json\/wp\/v2\/types\/product"}],"wp:featuredmedia":[{"embeddable":true,"href":"https:\/\/www.ernstbrunn-apotheke.at\/katalog\/wp-json\/wp\/v2\/media\/63212"}],"wp:attachment":[{"href":"https:\/\/www.ernstbrunn-apotheke.at\/katalog\/wp-json\/wp\/v2\/media?parent=63210"}],"wp:term":[{"taxonomy":"product_brand","embeddable":true,"href":"https:\/\/www.ernstbrunn-apotheke.at\/katalog\/wp-json\/wp\/v2\/product_brand?post=63210"},{"taxonomy":"product_cat","embeddable":true,"href":"https:\/\/www.ernstbrunn-apotheke.at\/katalog\/wp-json\/wp\/v2\/product_cat?post=63210"},{"taxonomy":"product_tag","embeddable":true,"href":"https:\/\/www.ernstbrunn-apotheke.at\/katalog\/wp-json\/wp\/v2\/product_tag?post=63210"}],"curies":[{"name":"wp","href":"https:\/\/api.w.org\/{rel}","templated":true}]}}