{"id":63198,"date":"2025-11-11T11:12:41","date_gmt":"2025-11-11T10:12:41","guid":{"rendered":"https:\/\/www.ernstbrunn-apotheke.at\/katalog\/produkt\/dr-ehrenberger-vitamin-b-komplex-forte-kapseln-60-stk\/"},"modified":"2025-12-08T17:35:01","modified_gmt":"2025-12-08T16:35:01","slug":"dr-ehrenberger-vitamin-b-komplex-forte-kapseln-60-stk","status":"publish","type":"product","link":"https:\/\/www.ernstbrunn-apotheke.at\/katalog\/produkt\/dr-ehrenberger-vitamin-b-komplex-forte-kapseln-60-stk\/","title":{"rendered":"Dr. Ehrenberger Vitamin B-Komplex forte Kapseln 60 Stk."},"content":{"rendered":"<p>Dr. Ehrenberger Vitamin B-Komplex forte Kapseln enthalten einen pflanzlichen Vitamin B-Komplex mit allen 8 B-Vitaminen. Nur zwei Kapseln pro Tag decken 120% des empfohlenen Tagesbedarf. B-Vitamine unterst\u00fctzen K\u00f6rper und Geist, sie haben vielf\u00e4ltige, zum Teil lebenswichtige Aufgaben im K\u00f6rper. Das Produkt enth\u00e4lt teilweise biologische Inhaltsstoffe.<\/p>\n","protected":false},"excerpt":{"rendered":"<p>Dr. Ehrenberger Vitamin B-Komplex forte Kapseln enthalten einen pflanzlichen Vitamin B-Komplex mit allen 8 B-Vitaminen. Nur zwei Kapseln pro Tag decken 120% des empfohlenen Tagesbedarf. B-Vitamine unterst\u00fctzen K\u00f6rper und Geist, sie haben vielf\u00e4ltige, zum Teil lebenswichtige Aufgaben im K\u00f6rper. Das Produkt enth\u00e4lt teilweise biologische Inhaltsstoffe.<\/p>\n","protected":false},"featured_media":63200,"template":"","meta":{"_acf_changed":false},"product_brand":[509],"product_cat":[792],"product_tag":[],"class_list":{"0":"post-63198","1":"product","2":"type-product","3":"status-publish","4":"has-post-thumbnail","6":"product_brand-dr-ehrenberger","7":"product_cat-d","8":"pa_packungsgroesse-60-stueck","10":"first","11":"instock","12":"shipping-taxable","13":"purchasable","14":"product-type-simple"},"acf":[],"_links":{"self":[{"href":"https:\/\/www.ernstbrunn-apotheke.at\/katalog\/wp-json\/wp\/v2\/product\/63198","targetHints":{"allow":["GET"]}}],"collection":[{"href":"https:\/\/www.ernstbrunn-apotheke.at\/katalog\/wp-json\/wp\/v2\/product"}],"about":[{"href":"https:\/\/www.ernstbrunn-apotheke.at\/katalog\/wp-json\/wp\/v2\/types\/product"}],"wp:featuredmedia":[{"embeddable":true,"href":"https:\/\/www.ernstbrunn-apotheke.at\/katalog\/wp-json\/wp\/v2\/media\/63200"}],"wp:attachment":[{"href":"https:\/\/www.ernstbrunn-apotheke.at\/katalog\/wp-json\/wp\/v2\/media?parent=63198"}],"wp:term":[{"taxonomy":"product_brand","embeddable":true,"href":"https:\/\/www.ernstbrunn-apotheke.at\/katalog\/wp-json\/wp\/v2\/product_brand?post=63198"},{"taxonomy":"product_cat","embeddable":true,"href":"https:\/\/www.ernstbrunn-apotheke.at\/katalog\/wp-json\/wp\/v2\/product_cat?post=63198"},{"taxonomy":"product_tag","embeddable":true,"href":"https:\/\/www.ernstbrunn-apotheke.at\/katalog\/wp-json\/wp\/v2\/product_tag?post=63198"}],"curies":[{"name":"wp","href":"https:\/\/api.w.org\/{rel}","templated":true}]}}