{"id":63130,"date":"2025-11-11T11:11:38","date_gmt":"2025-11-11T10:11:38","guid":{"rendered":"https:\/\/www.ernstbrunn-apotheke.at\/katalog\/produkt\/life-light-kapseln-chlorophyll-60-stk\/"},"modified":"2025-12-08T17:34:42","modified_gmt":"2025-12-08T16:34:42","slug":"life-light-kapseln-chlorophyll-60-stk","status":"publish","type":"product","link":"https:\/\/www.ernstbrunn-apotheke.at\/katalog\/produkt\/life-light-kapseln-chlorophyll-60-stk\/","title":{"rendered":"Life Light Kapseln Chlorophyll 60 Stk."},"content":{"rendered":"<p>Life Light Kapseln Chlorophyll enthalten Alfalfa-Klee mit nat\u00fcrlichem Chlorophyll in synergistischer Kombination mit wasserl\u00f6slichem Magnesium-Chlorophyllin. Chlorophyll sorgt f\u00fcr einen milden und anhaltenden Ausgleich des k\u00f6rperlichen S\u00e4ure-Basen-Haushaltes bei \u00dcbers\u00e4uerung.<\/p>\n","protected":false},"excerpt":{"rendered":"<p>Life Light Kapseln Chlorophyll enthalten Alfalfa-Klee mit nat\u00fcrlichem Chlorophyll in synergistischer Kombination mit wasserl\u00f6slichem Magnesium-Chlorophyllin. Chlorophyll sorgt f\u00fcr einen milden und anhaltenden Ausgleich des k\u00f6rperlichen S\u00e4ure-Basen-Haushaltes bei \u00dcbers\u00e4uerung.<\/p>\n","protected":false},"featured_media":63132,"template":"","meta":{"_acf_changed":false},"product_brand":[],"product_cat":[795],"product_tag":[],"class_list":{"0":"post-63130","1":"product","2":"type-product","3":"status-publish","4":"has-post-thumbnail","6":"product_cat-l","7":"pa_packungsgroesse-60-stueck","9":"first","10":"instock","11":"shipping-taxable","12":"purchasable","13":"product-type-simple"},"acf":[],"_links":{"self":[{"href":"https:\/\/www.ernstbrunn-apotheke.at\/katalog\/wp-json\/wp\/v2\/product\/63130","targetHints":{"allow":["GET"]}}],"collection":[{"href":"https:\/\/www.ernstbrunn-apotheke.at\/katalog\/wp-json\/wp\/v2\/product"}],"about":[{"href":"https:\/\/www.ernstbrunn-apotheke.at\/katalog\/wp-json\/wp\/v2\/types\/product"}],"wp:featuredmedia":[{"embeddable":true,"href":"https:\/\/www.ernstbrunn-apotheke.at\/katalog\/wp-json\/wp\/v2\/media\/63132"}],"wp:attachment":[{"href":"https:\/\/www.ernstbrunn-apotheke.at\/katalog\/wp-json\/wp\/v2\/media?parent=63130"}],"wp:term":[{"taxonomy":"product_brand","embeddable":true,"href":"https:\/\/www.ernstbrunn-apotheke.at\/katalog\/wp-json\/wp\/v2\/product_brand?post=63130"},{"taxonomy":"product_cat","embeddable":true,"href":"https:\/\/www.ernstbrunn-apotheke.at\/katalog\/wp-json\/wp\/v2\/product_cat?post=63130"},{"taxonomy":"product_tag","embeddable":true,"href":"https:\/\/www.ernstbrunn-apotheke.at\/katalog\/wp-json\/wp\/v2\/product_tag?post=63130"}],"curies":[{"name":"wp","href":"https:\/\/api.w.org\/{rel}","templated":true}]}}