{"id":62992,"date":"2025-11-11T11:09:09","date_gmt":"2025-11-11T10:09:09","guid":{"rendered":"https:\/\/www.ernstbrunn-apotheke.at\/katalog\/produkt\/cerave-feuchtigkeitsspendende-gesichtscreme-lsf-25-52-ml\/"},"modified":"2025-12-08T17:33:57","modified_gmt":"2025-12-08T16:33:57","slug":"cerave-feuchtigkeitsspendende-gesichtscreme-lsf-25-52-ml","status":"publish","type":"product","link":"https:\/\/www.ernstbrunn-apotheke.at\/katalog\/produkt\/cerave-feuchtigkeitsspendende-gesichtscreme-lsf-25-52-ml\/","title":{"rendered":"CeraVe Feuchtigkeitsspendende Gesichtscreme LSF 25 52 ml"},"content":{"rendered":"<p>Bietet einen breiten Schutz gegen UVA- und UVB-Strahlen. L\u00e4sst sich leicht verteilen und trocknet mit einem klaren Finish und tr\u00e4gt zur Wiederherstellung der sch\u00fctzenden Hautbarriere bei. Geeignet f\u00fcr normale bis trockene Haut.<\/p>\n","protected":false},"excerpt":{"rendered":"<p>Bietet einen breiten Schutz gegen UVA- und UVB-Strahlen. L\u00e4sst sich leicht verteilen und trocknet mit einem klaren Finish und tr\u00e4gt zur Wiederherstellung der sch\u00fctzenden Hautbarriere bei. Geeignet f\u00fcr normale bis trockene Haut.<\/p>\n","protected":false},"featured_media":62994,"template":"","meta":{"_acf_changed":false},"product_brand":[714],"product_cat":[812],"product_tag":[],"class_list":{"0":"post-62992","1":"product","2":"type-product","3":"status-publish","4":"has-post-thumbnail","6":"product_brand-cerave","7":"product_cat-c","8":"pa_packungsgroesse-52ml","10":"first","11":"instock","12":"shipping-taxable","13":"purchasable","14":"product-type-simple"},"acf":[],"_links":{"self":[{"href":"https:\/\/www.ernstbrunn-apotheke.at\/katalog\/wp-json\/wp\/v2\/product\/62992","targetHints":{"allow":["GET"]}}],"collection":[{"href":"https:\/\/www.ernstbrunn-apotheke.at\/katalog\/wp-json\/wp\/v2\/product"}],"about":[{"href":"https:\/\/www.ernstbrunn-apotheke.at\/katalog\/wp-json\/wp\/v2\/types\/product"}],"wp:featuredmedia":[{"embeddable":true,"href":"https:\/\/www.ernstbrunn-apotheke.at\/katalog\/wp-json\/wp\/v2\/media\/62994"}],"wp:attachment":[{"href":"https:\/\/www.ernstbrunn-apotheke.at\/katalog\/wp-json\/wp\/v2\/media?parent=62992"}],"wp:term":[{"taxonomy":"product_brand","embeddable":true,"href":"https:\/\/www.ernstbrunn-apotheke.at\/katalog\/wp-json\/wp\/v2\/product_brand?post=62992"},{"taxonomy":"product_cat","embeddable":true,"href":"https:\/\/www.ernstbrunn-apotheke.at\/katalog\/wp-json\/wp\/v2\/product_cat?post=62992"},{"taxonomy":"product_tag","embeddable":true,"href":"https:\/\/www.ernstbrunn-apotheke.at\/katalog\/wp-json\/wp\/v2\/product_tag?post=62992"}],"curies":[{"name":"wp","href":"https:\/\/api.w.org\/{rel}","templated":true}]}}