{"id":62951,"date":"2025-11-11T11:07:53","date_gmt":"2025-11-11T10:07:53","guid":{"rendered":"https:\/\/www.ernstbrunn-apotheke.at\/katalog\/produkt\/fresubin-2-kcal-creme-schokolade-4-stk\/"},"modified":"2025-12-08T17:33:39","modified_gmt":"2025-12-08T16:33:39","slug":"fresubin-2-kcal-creme-schokolade-4-stk","status":"publish","type":"product","link":"https:\/\/www.ernstbrunn-apotheke.at\/katalog\/produkt\/fresubin-2-kcal-creme-schokolade-4-stk\/","title":{"rendered":"Fresubin 2 kcal Cr\u00e8me Schokolade 4 Stk."},"content":{"rendered":"<p>Fresubin 2 kcal Cr\u00e8me &#8211; Cremig, energiereich und zum L\u00f6ffeln. Die perfekte Alternative zur Trinknahrung: der k\u00f6stliche N\u00e4hrstoffschub f\u00fcr zwischendurch. Das puddingartige Dessert \u00fcberzeugt durch seine cremige Konsistenz. In unserem praktischen Becher (125 g): einfach zu \u00f6ffnen und zu greifen. Zum Di\u00e4tmanagement bei Patienten mit bestehender oder drohender Mangelern\u00e4hrung, insbesondere bei erh\u00f6htem Energie- und Eiwei\u00dfbedarf oder oder Dysphagie.<\/p>\n","protected":false},"excerpt":{"rendered":"<p>Fresubin 2 kcal Cr\u00e8me &#8211; Cremig, energiereich und zum L\u00f6ffeln. Die perfekte Alternative zur Trinknahrung: der k\u00f6stliche N\u00e4hrstoffschub f\u00fcr zwischendurch. Das puddingartige Dessert \u00fcberzeugt durch seine cremige Konsistenz. In unserem praktischen Becher (125 g): einfach zu \u00f6ffnen und zu greifen. Zum Di\u00e4tmanagement bei Patienten mit bestehender oder drohender Mangelern\u00e4hrung, insbesondere bei erh\u00f6htem Energie- und Eiwei\u00dfbedarf [&hellip;]<\/p>\n","protected":false},"featured_media":62953,"template":"","meta":{"_acf_changed":false},"product_brand":[],"product_cat":[809],"product_tag":[],"class_list":{"0":"post-62951","1":"product","2":"type-product","3":"status-publish","4":"has-post-thumbnail","6":"product_cat-f","7":"pa_packungsgroesse-4-stueck","9":"first","10":"instock","11":"shipping-taxable","12":"purchasable","13":"product-type-simple"},"acf":[],"_links":{"self":[{"href":"https:\/\/www.ernstbrunn-apotheke.at\/katalog\/wp-json\/wp\/v2\/product\/62951","targetHints":{"allow":["GET"]}}],"collection":[{"href":"https:\/\/www.ernstbrunn-apotheke.at\/katalog\/wp-json\/wp\/v2\/product"}],"about":[{"href":"https:\/\/www.ernstbrunn-apotheke.at\/katalog\/wp-json\/wp\/v2\/types\/product"}],"wp:featuredmedia":[{"embeddable":true,"href":"https:\/\/www.ernstbrunn-apotheke.at\/katalog\/wp-json\/wp\/v2\/media\/62953"}],"wp:attachment":[{"href":"https:\/\/www.ernstbrunn-apotheke.at\/katalog\/wp-json\/wp\/v2\/media?parent=62951"}],"wp:term":[{"taxonomy":"product_brand","embeddable":true,"href":"https:\/\/www.ernstbrunn-apotheke.at\/katalog\/wp-json\/wp\/v2\/product_brand?post=62951"},{"taxonomy":"product_cat","embeddable":true,"href":"https:\/\/www.ernstbrunn-apotheke.at\/katalog\/wp-json\/wp\/v2\/product_cat?post=62951"},{"taxonomy":"product_tag","embeddable":true,"href":"https:\/\/www.ernstbrunn-apotheke.at\/katalog\/wp-json\/wp\/v2\/product_tag?post=62951"}],"curies":[{"name":"wp","href":"https:\/\/api.w.org\/{rel}","templated":true}]}}