{"id":62908,"date":"2025-11-11T11:07:03","date_gmt":"2025-11-11T10:07:03","guid":{"rendered":"https:\/\/www.ernstbrunn-apotheke.at\/katalog\/produkt\/bioderma-photoderm-max-spray-spf-50-200-ml\/"},"modified":"2025-12-08T17:33:30","modified_gmt":"2025-12-08T16:33:30","slug":"bioderma-photoderm-max-spray-spf-50-200-ml","status":"publish","type":"product","link":"https:\/\/www.ernstbrunn-apotheke.at\/katalog\/produkt\/bioderma-photoderm-max-spray-spf-50-200-ml\/","title":{"rendered":"Bioderma Photoderm MAX Spray SPF 50+ 200 ml"},"content":{"rendered":"<p>Bioderma Photoderm MAX Spray SPF 50+ 200 ml ist ein sehr hoher UVA- und UVB-Schutz mit Infrarot-Schutz f\u00fcr sehr helle Phototypen. F\u00fcr normale bis Mischhaut. F\u00fcr Gesicht und K\u00f6rper. F\u00fcr Kleinkinder geeignet. Ohne \u201eWei\u00dfel-Effekt\u201c. Ohne Duftstoffe, ohne Parabene. Ausgezeichnete Hautvertr\u00e4glichkeit.<\/p>\n","protected":false},"excerpt":{"rendered":"<p>Bioderma Photoderm MAX Spray SPF 50+ 200 ml ist ein sehr hoher UVA- und UVB-Schutz mit Infrarot-Schutz f\u00fcr sehr helle Phototypen. F\u00fcr normale bis Mischhaut. F\u00fcr Gesicht und K\u00f6rper. F\u00fcr Kleinkinder geeignet. Ohne \u201eWei\u00dfel-Effekt\u201c. Ohne Duftstoffe, ohne Parabene. Ausgezeichnete Hautvertr\u00e4glichkeit.<\/p>\n","protected":false},"featured_media":62910,"template":"","meta":{"_acf_changed":false},"product_brand":[657],"product_cat":[802],"product_tag":[],"class_list":{"0":"post-62908","1":"product","2":"type-product","3":"status-publish","4":"has-post-thumbnail","6":"product_brand-bioderma","7":"product_cat-b","8":"pa_packungsgroesse-200ml","10":"first","11":"instock","12":"shipping-taxable","13":"purchasable","14":"product-type-simple"},"acf":[],"_links":{"self":[{"href":"https:\/\/www.ernstbrunn-apotheke.at\/katalog\/wp-json\/wp\/v2\/product\/62908","targetHints":{"allow":["GET"]}}],"collection":[{"href":"https:\/\/www.ernstbrunn-apotheke.at\/katalog\/wp-json\/wp\/v2\/product"}],"about":[{"href":"https:\/\/www.ernstbrunn-apotheke.at\/katalog\/wp-json\/wp\/v2\/types\/product"}],"wp:featuredmedia":[{"embeddable":true,"href":"https:\/\/www.ernstbrunn-apotheke.at\/katalog\/wp-json\/wp\/v2\/media\/62910"}],"wp:attachment":[{"href":"https:\/\/www.ernstbrunn-apotheke.at\/katalog\/wp-json\/wp\/v2\/media?parent=62908"}],"wp:term":[{"taxonomy":"product_brand","embeddable":true,"href":"https:\/\/www.ernstbrunn-apotheke.at\/katalog\/wp-json\/wp\/v2\/product_brand?post=62908"},{"taxonomy":"product_cat","embeddable":true,"href":"https:\/\/www.ernstbrunn-apotheke.at\/katalog\/wp-json\/wp\/v2\/product_cat?post=62908"},{"taxonomy":"product_tag","embeddable":true,"href":"https:\/\/www.ernstbrunn-apotheke.at\/katalog\/wp-json\/wp\/v2\/product_tag?post=62908"}],"curies":[{"name":"wp","href":"https:\/\/api.w.org\/{rel}","templated":true}]}}