{"id":62891,"date":"2025-11-11T11:07:03","date_gmt":"2025-11-11T10:07:03","guid":{"rendered":"https:\/\/www.ernstbrunn-apotheke.at\/katalog\/produkt\/tiroler-steinoel-bad-750-ml\/"},"modified":"2025-12-08T17:33:27","modified_gmt":"2025-12-08T16:33:27","slug":"tiroler-steinoel-bad-750-ml","status":"publish","type":"product","link":"https:\/\/www.ernstbrunn-apotheke.at\/katalog\/produkt\/tiroler-steinoel-bad-750-ml\/","title":{"rendered":"Tiroler Stein\u00f6l Bad 750 ml"},"content":{"rendered":"<p>Tiroler Stein\u00f6lbad ist das Bad der Ruhe und Entspannung f\u00fcr die Unterst\u00fctzung des \u00fcberbeanspruchten Bewegungsapparateshat. Der hohe Anteil an organisch gebundenem Schwefel hat eine wohltuende Wirkung auf Muskeln und Gelenke. Es dient nicht nur zur \u201eBadewannenkur daheim\u201c, das Stein\u00f6l-Bad kommt seit langem auch in Krankenh\u00e4usern, Reha-Zentren und Kuranstalten zur Anwendung..<\/p>\n","protected":false},"excerpt":{"rendered":"<p>Tiroler Stein\u00f6lbad ist das Bad der Ruhe und Entspannung f\u00fcr die Unterst\u00fctzung des \u00fcberbeanspruchten Bewegungsapparateshat. Der hohe Anteil an organisch gebundenem Schwefel hat eine wohltuende Wirkung auf Muskeln und Gelenke. Es dient nicht nur zur \u201eBadewannenkur daheim\u201c, das Stein\u00f6l-Bad kommt seit langem auch in Krankenh\u00e4usern, Reha-Zentren und Kuranstalten zur Anwendung..<\/p>\n","protected":false},"featured_media":62893,"template":"","meta":{"_acf_changed":false},"product_brand":[],"product_cat":[798],"product_tag":[],"class_list":{"0":"post-62891","1":"product","2":"type-product","3":"status-publish","4":"has-post-thumbnail","6":"product_cat-t","7":"pa_packungsgroesse-750ml","9":"first","10":"instock","11":"shipping-taxable","12":"purchasable","13":"product-type-simple"},"acf":[],"_links":{"self":[{"href":"https:\/\/www.ernstbrunn-apotheke.at\/katalog\/wp-json\/wp\/v2\/product\/62891","targetHints":{"allow":["GET"]}}],"collection":[{"href":"https:\/\/www.ernstbrunn-apotheke.at\/katalog\/wp-json\/wp\/v2\/product"}],"about":[{"href":"https:\/\/www.ernstbrunn-apotheke.at\/katalog\/wp-json\/wp\/v2\/types\/product"}],"wp:featuredmedia":[{"embeddable":true,"href":"https:\/\/www.ernstbrunn-apotheke.at\/katalog\/wp-json\/wp\/v2\/media\/62893"}],"wp:attachment":[{"href":"https:\/\/www.ernstbrunn-apotheke.at\/katalog\/wp-json\/wp\/v2\/media?parent=62891"}],"wp:term":[{"taxonomy":"product_brand","embeddable":true,"href":"https:\/\/www.ernstbrunn-apotheke.at\/katalog\/wp-json\/wp\/v2\/product_brand?post=62891"},{"taxonomy":"product_cat","embeddable":true,"href":"https:\/\/www.ernstbrunn-apotheke.at\/katalog\/wp-json\/wp\/v2\/product_cat?post=62891"},{"taxonomy":"product_tag","embeddable":true,"href":"https:\/\/www.ernstbrunn-apotheke.at\/katalog\/wp-json\/wp\/v2\/product_tag?post=62891"}],"curies":[{"name":"wp","href":"https:\/\/api.w.org\/{rel}","templated":true}]}}