{"id":62868,"date":"2025-11-11T11:07:03","date_gmt":"2025-11-11T10:07:03","guid":{"rendered":"https:\/\/www.ernstbrunn-apotheke.at\/katalog\/produkt\/lactibian-kapseln-voyage-14-stk\/"},"modified":"2025-12-08T17:33:17","modified_gmt":"2025-12-08T16:33:17","slug":"lactibian-kapseln-voyage-14-stk","status":"publish","type":"product","link":"https:\/\/www.ernstbrunn-apotheke.at\/katalog\/produkt\/lactibian-kapseln-voyage-14-stk\/","title":{"rendered":"Lactibian Kapseln Voyage 14 Stk."},"content":{"rendered":"<p>Lactibian Kapseln Voyage sind ein di\u00e4tetisches Lebensmittel zur Behandlung und Vorbeugung von Verdauungsst\u00f6rungen, die w\u00e4hrend einer Reise in fernen L\u00e4ndern pl\u00f6tzlich auftreten. Die Darmbeschwerden auf einer Reise werden durch die Einnahme der Kapseln verhindert oder deutlich gemildert. Die Kapseln zeichnen sich durch ihre ausgezeichnete Vertr\u00e4glichkeit aus.<\/p>\n","protected":false},"excerpt":{"rendered":"<p>Lactibian Kapseln Voyage sind ein di\u00e4tetisches Lebensmittel zur Behandlung und Vorbeugung von Verdauungsst\u00f6rungen, die w\u00e4hrend einer Reise in fernen L\u00e4ndern pl\u00f6tzlich auftreten. Die Darmbeschwerden auf einer Reise werden durch die Einnahme der Kapseln verhindert oder deutlich gemildert. Die Kapseln zeichnen sich durch ihre ausgezeichnete Vertr\u00e4glichkeit aus.<\/p>\n","protected":false},"featured_media":62870,"template":"","meta":{"_acf_changed":false},"product_brand":[],"product_cat":[795],"product_tag":[],"class_list":{"0":"post-62868","1":"product","2":"type-product","3":"status-publish","4":"has-post-thumbnail","6":"product_cat-l","7":"pa_packungsgroesse-14-stueck","9":"first","10":"instock","11":"shipping-taxable","12":"purchasable","13":"product-type-simple"},"acf":[],"_links":{"self":[{"href":"https:\/\/www.ernstbrunn-apotheke.at\/katalog\/wp-json\/wp\/v2\/product\/62868","targetHints":{"allow":["GET"]}}],"collection":[{"href":"https:\/\/www.ernstbrunn-apotheke.at\/katalog\/wp-json\/wp\/v2\/product"}],"about":[{"href":"https:\/\/www.ernstbrunn-apotheke.at\/katalog\/wp-json\/wp\/v2\/types\/product"}],"wp:featuredmedia":[{"embeddable":true,"href":"https:\/\/www.ernstbrunn-apotheke.at\/katalog\/wp-json\/wp\/v2\/media\/62870"}],"wp:attachment":[{"href":"https:\/\/www.ernstbrunn-apotheke.at\/katalog\/wp-json\/wp\/v2\/media?parent=62868"}],"wp:term":[{"taxonomy":"product_brand","embeddable":true,"href":"https:\/\/www.ernstbrunn-apotheke.at\/katalog\/wp-json\/wp\/v2\/product_brand?post=62868"},{"taxonomy":"product_cat","embeddable":true,"href":"https:\/\/www.ernstbrunn-apotheke.at\/katalog\/wp-json\/wp\/v2\/product_cat?post=62868"},{"taxonomy":"product_tag","embeddable":true,"href":"https:\/\/www.ernstbrunn-apotheke.at\/katalog\/wp-json\/wp\/v2\/product_tag?post=62868"}],"curies":[{"name":"wp","href":"https:\/\/api.w.org\/{rel}","templated":true}]}}