{"id":62829,"date":"2025-11-11T10:58:52","date_gmt":"2025-11-11T09:58:52","guid":{"rendered":"https:\/\/www.ernstbrunn-apotheke.at\/katalog\/produkt\/fenchel-370mg-kapseln\/"},"modified":"2025-12-08T17:33:09","modified_gmt":"2025-12-08T16:33:09","slug":"fenchel-370mg-kapseln","status":"publish","type":"product","link":"https:\/\/www.ernstbrunn-apotheke.at\/katalog\/produkt\/fenchel-370mg-kapseln\/","title":{"rendered":"Fenchel 370mg Kapseln"},"content":{"rendered":"<p>Gall Pharma Fenchel 370 mg Kapseln 90 Stk. helfen sowohl im Bereich der Atemwege sowie bei leichten Magen-Darm-St\u00f6rungen. Das im Fenchel enthaltene \u00e4therische \u00d6l wirkt schleiml\u00f6send und Auswurf f\u00f6rdernd und hemmt bakterielles Keimwachstum. Bei Bl\u00e4hungen und V\u00f6llegef\u00fchl wirkt es krampfl\u00f6send und regt die Verdauung an.<\/p>\n","protected":false},"excerpt":{"rendered":"<p>Gall Pharma Fenchel 370 mg Kapseln 90 Stk. helfen sowohl im Bereich der Atemwege sowie bei leichten Magen-Darm-St\u00f6rungen. Das im Fenchel enthaltene \u00e4therische \u00d6l wirkt schleiml\u00f6send und Auswurf f\u00f6rdernd und hemmt bakterielles Keimwachstum. Bei Bl\u00e4hungen und V\u00f6llegef\u00fchl wirkt es krampfl\u00f6send und regt die Verdauung an.<\/p>\n","protected":false},"featured_media":62831,"template":"","meta":{"_acf_changed":false},"product_brand":[371],"product_cat":[809],"product_tag":[],"class_list":{"0":"post-62829","1":"product","2":"type-product","3":"status-publish","4":"has-post-thumbnail","6":"product_brand-gall-pharma","7":"product_cat-f","8":"pa_packungsgroesse-90-stueck","10":"first","11":"instock","12":"shipping-taxable","13":"purchasable","14":"product-type-simple"},"acf":[],"_links":{"self":[{"href":"https:\/\/www.ernstbrunn-apotheke.at\/katalog\/wp-json\/wp\/v2\/product\/62829","targetHints":{"allow":["GET"]}}],"collection":[{"href":"https:\/\/www.ernstbrunn-apotheke.at\/katalog\/wp-json\/wp\/v2\/product"}],"about":[{"href":"https:\/\/www.ernstbrunn-apotheke.at\/katalog\/wp-json\/wp\/v2\/types\/product"}],"wp:featuredmedia":[{"embeddable":true,"href":"https:\/\/www.ernstbrunn-apotheke.at\/katalog\/wp-json\/wp\/v2\/media\/62831"}],"wp:attachment":[{"href":"https:\/\/www.ernstbrunn-apotheke.at\/katalog\/wp-json\/wp\/v2\/media?parent=62829"}],"wp:term":[{"taxonomy":"product_brand","embeddable":true,"href":"https:\/\/www.ernstbrunn-apotheke.at\/katalog\/wp-json\/wp\/v2\/product_brand?post=62829"},{"taxonomy":"product_cat","embeddable":true,"href":"https:\/\/www.ernstbrunn-apotheke.at\/katalog\/wp-json\/wp\/v2\/product_cat?post=62829"},{"taxonomy":"product_tag","embeddable":true,"href":"https:\/\/www.ernstbrunn-apotheke.at\/katalog\/wp-json\/wp\/v2\/product_tag?post=62829"}],"curies":[{"name":"wp","href":"https:\/\/api.w.org\/{rel}","templated":true}]}}