{"id":62744,"date":"2025-11-11T10:57:01","date_gmt":"2025-11-11T09:57:01","guid":{"rendered":"https:\/\/www.ernstbrunn-apotheke.at\/katalog\/produkt\/gum-hydral-feuchtigkeitsspray-50-ml\/"},"modified":"2025-12-08T17:32:48","modified_gmt":"2025-12-08T16:32:48","slug":"gum-hydral-feuchtigkeitsspray-50-ml","status":"publish","type":"product","link":"https:\/\/www.ernstbrunn-apotheke.at\/katalog\/produkt\/gum-hydral-feuchtigkeitsspray-50-ml\/","title":{"rendered":"Gum Hydral Feuchtigkeitsspray 50 ml"},"content":{"rendered":"<p>Gum Hydral Feuchtigkeitsspray bietet sofortige und langanhaltende Linderung bei Mundtrockenheit. Der Spray ist dank des handlichen, kleinen Designs ideal f\u00fcr unterwegs. Er kann so oft wie n\u00f6tig, auch mehrmals t\u00e4glich, angewendet werden.<\/p>\n","protected":false},"excerpt":{"rendered":"<p>Gum Hydral Feuchtigkeitsspray bietet sofortige und langanhaltende Linderung bei Mundtrockenheit. Der Spray ist dank des handlichen, kleinen Designs ideal f\u00fcr unterwegs. Er kann so oft wie n\u00f6tig, auch mehrmals t\u00e4glich, angewendet werden.<\/p>\n","protected":false},"featured_media":62746,"template":"","meta":{"_acf_changed":false},"product_brand":[894],"product_cat":[810],"product_tag":[],"class_list":{"0":"post-62744","1":"product","2":"type-product","3":"status-publish","4":"has-post-thumbnail","6":"product_brand-g-u-m","7":"product_cat-g","8":"pa_packungsgroesse-50ml","10":"first","11":"instock","12":"shipping-taxable","13":"purchasable","14":"product-type-simple"},"acf":[],"_links":{"self":[{"href":"https:\/\/www.ernstbrunn-apotheke.at\/katalog\/wp-json\/wp\/v2\/product\/62744","targetHints":{"allow":["GET"]}}],"collection":[{"href":"https:\/\/www.ernstbrunn-apotheke.at\/katalog\/wp-json\/wp\/v2\/product"}],"about":[{"href":"https:\/\/www.ernstbrunn-apotheke.at\/katalog\/wp-json\/wp\/v2\/types\/product"}],"wp:featuredmedia":[{"embeddable":true,"href":"https:\/\/www.ernstbrunn-apotheke.at\/katalog\/wp-json\/wp\/v2\/media\/62746"}],"wp:attachment":[{"href":"https:\/\/www.ernstbrunn-apotheke.at\/katalog\/wp-json\/wp\/v2\/media?parent=62744"}],"wp:term":[{"taxonomy":"product_brand","embeddable":true,"href":"https:\/\/www.ernstbrunn-apotheke.at\/katalog\/wp-json\/wp\/v2\/product_brand?post=62744"},{"taxonomy":"product_cat","embeddable":true,"href":"https:\/\/www.ernstbrunn-apotheke.at\/katalog\/wp-json\/wp\/v2\/product_cat?post=62744"},{"taxonomy":"product_tag","embeddable":true,"href":"https:\/\/www.ernstbrunn-apotheke.at\/katalog\/wp-json\/wp\/v2\/product_tag?post=62744"}],"curies":[{"name":"wp","href":"https:\/\/api.w.org\/{rel}","templated":true}]}}