{"id":62734,"date":"2025-11-11T10:56:46","date_gmt":"2025-11-11T09:56:46","guid":{"rendered":"https:\/\/www.ernstbrunn-apotheke.at\/katalog\/produkt\/maimed-vlieskompressen-unsteril-100-stk\/"},"modified":"2025-12-08T17:32:47","modified_gmt":"2025-12-08T16:32:47","slug":"maimed-vlieskompressen-unsteril-100-stk","status":"publish","type":"product","link":"https:\/\/www.ernstbrunn-apotheke.at\/katalog\/produkt\/maimed-vlieskompressen-unsteril-100-stk\/","title":{"rendered":"MaiMed Vlieskompressen unsteril 100 Stk."},"content":{"rendered":"<p>Die MaiMed Vlieskompressen dienen der \u00e4u\u00dferen Versorgung von Wunden und eignet sich speziell f\u00fcr schmerz- und druckempfindliche Verletzungen, wie z.B. Verbrennungen oder Absch\u00fcrfungen. Sie bestehen aus extra weichem Vliesstoff, sind sehr saugf\u00e4hig, luftundurchl\u00e4ssig und hautfreundlich &#8211; jetzt online mit 100% Sicherheit durch Kauf auf Rechnung bestellen!<\/p>\n","protected":false},"excerpt":{"rendered":"<p>Die MaiMed Vlieskompressen dienen der \u00e4u\u00dferen Versorgung von Wunden und eignet sich speziell f\u00fcr schmerz- und druckempfindliche Verletzungen, wie z.B. Verbrennungen oder Absch\u00fcrfungen. Sie bestehen aus extra weichem Vliesstoff, sind sehr saugf\u00e4hig, luftundurchl\u00e4ssig und hautfreundlich &#8211; jetzt online mit 100% Sicherheit durch Kauf auf Rechnung bestellen!<\/p>\n","protected":false},"featured_media":62736,"template":"","meta":{"_acf_changed":false},"product_brand":[],"product_cat":[800],"product_tag":[],"class_list":{"0":"post-62734","1":"product","2":"type-product","3":"status-publish","4":"has-post-thumbnail","6":"product_cat-m","7":"pa_packungsgroesse-100-stueck","9":"first","10":"instock","11":"shipping-taxable","12":"purchasable","13":"product-type-simple"},"acf":[],"_links":{"self":[{"href":"https:\/\/www.ernstbrunn-apotheke.at\/katalog\/wp-json\/wp\/v2\/product\/62734","targetHints":{"allow":["GET"]}}],"collection":[{"href":"https:\/\/www.ernstbrunn-apotheke.at\/katalog\/wp-json\/wp\/v2\/product"}],"about":[{"href":"https:\/\/www.ernstbrunn-apotheke.at\/katalog\/wp-json\/wp\/v2\/types\/product"}],"wp:featuredmedia":[{"embeddable":true,"href":"https:\/\/www.ernstbrunn-apotheke.at\/katalog\/wp-json\/wp\/v2\/media\/62736"}],"wp:attachment":[{"href":"https:\/\/www.ernstbrunn-apotheke.at\/katalog\/wp-json\/wp\/v2\/media?parent=62734"}],"wp:term":[{"taxonomy":"product_brand","embeddable":true,"href":"https:\/\/www.ernstbrunn-apotheke.at\/katalog\/wp-json\/wp\/v2\/product_brand?post=62734"},{"taxonomy":"product_cat","embeddable":true,"href":"https:\/\/www.ernstbrunn-apotheke.at\/katalog\/wp-json\/wp\/v2\/product_cat?post=62734"},{"taxonomy":"product_tag","embeddable":true,"href":"https:\/\/www.ernstbrunn-apotheke.at\/katalog\/wp-json\/wp\/v2\/product_tag?post=62734"}],"curies":[{"name":"wp","href":"https:\/\/api.w.org\/{rel}","templated":true}]}}