{"id":62692,"date":"2025-11-11T10:55:52","date_gmt":"2025-11-11T09:55:52","guid":{"rendered":"https:\/\/www.ernstbrunn-apotheke.at\/katalog\/produkt\/cerave-regen-handcreme-50-ml\/"},"modified":"2025-12-08T17:32:33","modified_gmt":"2025-12-08T16:32:33","slug":"cerave-regen-handcreme-50-ml","status":"publish","type":"product","link":"https:\/\/www.ernstbrunn-apotheke.at\/katalog\/produkt\/cerave-regen-handcreme-50-ml\/","title":{"rendered":"CERAVE REGEN HANDCREME 50 ML"},"content":{"rendered":"<p>Die von Dermatologen entwickelte CeraVe Regenerierende Handcreme spendet intensiv Feuchtigkeit und unterst\u00fctzt gleichzeitig die Erneuerung der Hautschutzbarriere. Die schnell einziehende, nicht fettende Creme sorgt mit 3 essenziellen Ceramiden sowie Hyaluron den ganzen Tag lang f\u00fcr Feuchtigkeit \u2013 f\u00fcr gesund aussehende und weiche H\u00e4nde, auch bei trockener Haut und Neurodermitis geeignet. Ohne Parf\u00fcm &#8211; jetzt alle Produkte von CeraVe zu g\u00fcnstigen Preisen online bestellen!<\/p>\n","protected":false},"excerpt":{"rendered":"<p>Die von Dermatologen entwickelte CeraVe Regenerierende Handcreme spendet intensiv Feuchtigkeit und unterst\u00fctzt gleichzeitig die Erneuerung der Hautschutzbarriere. Die schnell einziehende, nicht fettende Creme sorgt mit 3 essenziellen Ceramiden sowie Hyaluron den ganzen Tag lang f\u00fcr Feuchtigkeit \u2013 f\u00fcr gesund aussehende und weiche H\u00e4nde, auch bei trockener Haut und Neurodermitis geeignet. Ohne Parf\u00fcm &#8211; jetzt alle [&hellip;]<\/p>\n","protected":false},"featured_media":62694,"template":"","meta":{"_acf_changed":false},"product_brand":[714],"product_cat":[812],"product_tag":[],"class_list":{"0":"post-62692","1":"product","2":"type-product","3":"status-publish","4":"has-post-thumbnail","6":"product_brand-cerave","7":"product_cat-c","8":"pa_packungsgroesse-50ml","10":"first","11":"instock","12":"shipping-taxable","13":"purchasable","14":"product-type-simple"},"acf":[],"_links":{"self":[{"href":"https:\/\/www.ernstbrunn-apotheke.at\/katalog\/wp-json\/wp\/v2\/product\/62692","targetHints":{"allow":["GET"]}}],"collection":[{"href":"https:\/\/www.ernstbrunn-apotheke.at\/katalog\/wp-json\/wp\/v2\/product"}],"about":[{"href":"https:\/\/www.ernstbrunn-apotheke.at\/katalog\/wp-json\/wp\/v2\/types\/product"}],"wp:featuredmedia":[{"embeddable":true,"href":"https:\/\/www.ernstbrunn-apotheke.at\/katalog\/wp-json\/wp\/v2\/media\/62694"}],"wp:attachment":[{"href":"https:\/\/www.ernstbrunn-apotheke.at\/katalog\/wp-json\/wp\/v2\/media?parent=62692"}],"wp:term":[{"taxonomy":"product_brand","embeddable":true,"href":"https:\/\/www.ernstbrunn-apotheke.at\/katalog\/wp-json\/wp\/v2\/product_brand?post=62692"},{"taxonomy":"product_cat","embeddable":true,"href":"https:\/\/www.ernstbrunn-apotheke.at\/katalog\/wp-json\/wp\/v2\/product_cat?post=62692"},{"taxonomy":"product_tag","embeddable":true,"href":"https:\/\/www.ernstbrunn-apotheke.at\/katalog\/wp-json\/wp\/v2\/product_tag?post=62692"}],"curies":[{"name":"wp","href":"https:\/\/api.w.org\/{rel}","templated":true}]}}