{"id":62664,"date":"2025-11-11T10:55:19","date_gmt":"2025-11-11T09:55:19","guid":{"rendered":"https:\/\/www.ernstbrunn-apotheke.at\/katalog\/produkt\/pure-encapsulations-dgl-plus-180-stk\/"},"modified":"2025-12-08T17:32:22","modified_gmt":"2025-12-08T16:32:22","slug":"pure-encapsulations-dgl-plus-180-stk","status":"publish","type":"product","link":"https:\/\/www.ernstbrunn-apotheke.at\/katalog\/produkt\/pure-encapsulations-dgl-plus-180-stk\/","title":{"rendered":"Pure Encapsulations DGL Plus 180 Stk."},"content":{"rendered":"<p>Pure Encapsulations\u00ae DGL Plus\u00ae enth\u00e4lt Extrakte aus Lakritze, Eibisch,Schleimulme und Aloe vera, welche reich an Schleimstoffensind. Die rein pflanzlichen Inhaltsstoffe sind perfekt aufeinanderabgestimmt. Pure Encapsulations\u00ae DGL Plus\u00ae basiert auf hochwertigen,naturidenten Reinsubstanzen.H\u00f6chstm\u00f6gliche Qualit\u00e4tsstandards garantieren, dass die verwendetenInhaltsstoffe maximal vertr\u00e4glich sind und eine optimaleBioverf\u00fcgbarkeit aufweisen. Deshalb gelten wir auch weltweit alsdas Original bei Reinsubstanzen. Zum leichten Leben bedarf eswenig. Pure Encapsulations\u00ae DGL Plus\u00ae ist laktosefrei, fruktosefreiund glutenfrei. Auch auf k\u00fcnstliche Farb- und Geschmacksstoffehat man bei Pure Encapsulations\u00ae verzichtet.<\/p>\n","protected":false},"excerpt":{"rendered":"<p>Pure Encapsulations\u00ae DGL Plus\u00ae enth\u00e4lt Extrakte aus Lakritze, Eibisch,Schleimulme und Aloe vera, welche reich an Schleimstoffensind. Die rein pflanzlichen Inhaltsstoffe sind perfekt aufeinanderabgestimmt. Pure Encapsulations\u00ae DGL Plus\u00ae basiert auf hochwertigen,naturidenten Reinsubstanzen.H\u00f6chstm\u00f6gliche Qualit\u00e4tsstandards garantieren, dass die verwendetenInhaltsstoffe maximal vertr\u00e4glich sind und eine optimaleBioverf\u00fcgbarkeit aufweisen. Deshalb gelten wir auch weltweit alsdas Original bei Reinsubstanzen. Zum leichten Leben [&hellip;]<\/p>\n","protected":false},"featured_media":62666,"template":"","meta":{"_acf_changed":false},"product_brand":[336],"product_cat":[793],"product_tag":[],"class_list":{"0":"post-62664","1":"product","2":"type-product","3":"status-publish","4":"has-post-thumbnail","6":"product_brand-pure-encapsulations","7":"product_cat-p","8":"pa_packungsgroesse-180-stueck","10":"first","11":"instock","12":"shipping-taxable","13":"purchasable","14":"product-type-simple"},"acf":[],"_links":{"self":[{"href":"https:\/\/www.ernstbrunn-apotheke.at\/katalog\/wp-json\/wp\/v2\/product\/62664","targetHints":{"allow":["GET"]}}],"collection":[{"href":"https:\/\/www.ernstbrunn-apotheke.at\/katalog\/wp-json\/wp\/v2\/product"}],"about":[{"href":"https:\/\/www.ernstbrunn-apotheke.at\/katalog\/wp-json\/wp\/v2\/types\/product"}],"wp:featuredmedia":[{"embeddable":true,"href":"https:\/\/www.ernstbrunn-apotheke.at\/katalog\/wp-json\/wp\/v2\/media\/62666"}],"wp:attachment":[{"href":"https:\/\/www.ernstbrunn-apotheke.at\/katalog\/wp-json\/wp\/v2\/media?parent=62664"}],"wp:term":[{"taxonomy":"product_brand","embeddable":true,"href":"https:\/\/www.ernstbrunn-apotheke.at\/katalog\/wp-json\/wp\/v2\/product_brand?post=62664"},{"taxonomy":"product_cat","embeddable":true,"href":"https:\/\/www.ernstbrunn-apotheke.at\/katalog\/wp-json\/wp\/v2\/product_cat?post=62664"},{"taxonomy":"product_tag","embeddable":true,"href":"https:\/\/www.ernstbrunn-apotheke.at\/katalog\/wp-json\/wp\/v2\/product_tag?post=62664"}],"curies":[{"name":"wp","href":"https:\/\/api.w.org\/{rel}","templated":true}]}}