{"id":62649,"date":"2025-11-11T10:55:00","date_gmt":"2025-11-11T09:55:00","guid":{"rendered":"https:\/\/www.ernstbrunn-apotheke.at\/katalog\/produkt\/rapid-gegen-huehneraugen-10-ml\/"},"modified":"2025-12-08T17:32:16","modified_gmt":"2025-12-08T16:32:16","slug":"rapid-gegen-huehneraugen-10-ml","status":"publish","type":"product","link":"https:\/\/www.ernstbrunn-apotheke.at\/katalog\/produkt\/rapid-gegen-huehneraugen-10-ml\/","title":{"rendered":"Rapid gegen H\u00fchneraugen 10 ml"},"content":{"rendered":"<p>Rapid ist ein Medizinprodukt zur \u00e4u\u00dferlichen Anwendung und dient der raschen und komplett schmerzlosen Entfernung von H\u00fchneraugen.<\/p>\n<p>&#13;<\/p>\n<p>\u00a0<\/p>\n<p>&#13;<\/p>\n<p><strong>Wirkung<\/strong><\/p>\n<p>&#13;<\/p>\n<p>Die in Rapid enthaltenen Wirkstoffe bewirken einerseits eine Denaturierung der\u00a0oberfl\u00e4chlichen Hautschicht, andererseits eine Auflockerung und L\u00f6sung der Hornschicht, wodurch sich diese absch\u00e4lt und in weiterer Folge zu einer Abl\u00f6sung des H\u00fchnerauges f\u00fchrt.\u00a0<\/p>\n<p>&#13;<\/p>\n<p>Collodium bildet einen elastischen Film und bewirkt, dass die L\u00f6sung auf der Haut bleibt und noch lange nach dem Auftragen auf die Warze einwirkt. Rizinus\u00f6l h\u00e4lt auf Grund seiner \u00f6lhaltigen, pflegenden Eigenschaften das Kollodiumh\u00e4utchen weich und flexibel.<\/p>\n","protected":false},"excerpt":{"rendered":"<p>Rapid ist ein Medizinprodukt zur \u00e4u\u00dferlichen Anwendung und dient der raschen und komplett schmerzlosen Entfernung von H\u00fchneraugen. &#13; \u00a0 &#13; Wirkung &#13; Die in Rapid enthaltenen Wirkstoffe bewirken einerseits eine Denaturierung der\u00a0oberfl\u00e4chlichen Hautschicht, andererseits eine Auflockerung und L\u00f6sung der Hornschicht, wodurch sich diese absch\u00e4lt und in weiterer Folge zu einer Abl\u00f6sung des H\u00fchnerauges f\u00fchrt.\u00a0 &#13; [&hellip;]<\/p>\n","protected":false},"featured_media":62651,"template":"","meta":{"_acf_changed":false},"product_brand":[],"product_cat":[808],"product_tag":[],"class_list":{"0":"post-62649","1":"product","2":"type-product","3":"status-publish","4":"has-post-thumbnail","6":"product_cat-r","7":"pa_packungsgroesse-10ml","9":"first","10":"instock","11":"shipping-taxable","12":"purchasable","13":"product-type-simple"},"acf":[],"_links":{"self":[{"href":"https:\/\/www.ernstbrunn-apotheke.at\/katalog\/wp-json\/wp\/v2\/product\/62649","targetHints":{"allow":["GET"]}}],"collection":[{"href":"https:\/\/www.ernstbrunn-apotheke.at\/katalog\/wp-json\/wp\/v2\/product"}],"about":[{"href":"https:\/\/www.ernstbrunn-apotheke.at\/katalog\/wp-json\/wp\/v2\/types\/product"}],"wp:featuredmedia":[{"embeddable":true,"href":"https:\/\/www.ernstbrunn-apotheke.at\/katalog\/wp-json\/wp\/v2\/media\/62651"}],"wp:attachment":[{"href":"https:\/\/www.ernstbrunn-apotheke.at\/katalog\/wp-json\/wp\/v2\/media?parent=62649"}],"wp:term":[{"taxonomy":"product_brand","embeddable":true,"href":"https:\/\/www.ernstbrunn-apotheke.at\/katalog\/wp-json\/wp\/v2\/product_brand?post=62649"},{"taxonomy":"product_cat","embeddable":true,"href":"https:\/\/www.ernstbrunn-apotheke.at\/katalog\/wp-json\/wp\/v2\/product_cat?post=62649"},{"taxonomy":"product_tag","embeddable":true,"href":"https:\/\/www.ernstbrunn-apotheke.at\/katalog\/wp-json\/wp\/v2\/product_tag?post=62649"}],"curies":[{"name":"wp","href":"https:\/\/api.w.org\/{rel}","templated":true}]}}