{"id":62553,"date":"2025-11-11T10:53:00","date_gmt":"2025-11-11T09:53:00","guid":{"rendered":"https:\/\/www.ernstbrunn-apotheke.at\/katalog\/produkt\/wundpflege-stand-1m-x-6cm-1-stk\/"},"modified":"2025-12-08T17:31:43","modified_gmt":"2025-12-08T16:31:43","slug":"wundpflege-stand-1m-x-6cm-1-stk","status":"publish","type":"product","link":"https:\/\/www.ernstbrunn-apotheke.at\/katalog\/produkt\/wundpflege-stand-1m-x-6cm-1-stk\/","title":{"rendered":"Wundpflege Stand 1m x 6cm 1 Stk."},"content":{"rendered":"<p>Wundpflaster Standard ist ein Vielseitig verwendbares, starres Textilpflaster f\u00fcr die schnelle und einfache hygienische Versorgung von Alltagsverletzungen. Es wird zur Abdeckung von oberfl\u00e4chlichen Wunden verwendet. Das Viskosegewebe und die f\u00fcr Gothaplast typische Perforation lassen Luft ungehindert durchdringen. Zudem verklebt die Wundauflage nicht mit der Wunde.<\/p>\n","protected":false},"excerpt":{"rendered":"<p>Wundpflaster Standard ist ein Vielseitig verwendbares, starres Textilpflaster f\u00fcr die schnelle und einfache hygienische Versorgung von Alltagsverletzungen. Es wird zur Abdeckung von oberfl\u00e4chlichen Wunden verwendet. Das Viskosegewebe und die f\u00fcr Gothaplast typische Perforation lassen Luft ungehindert durchdringen. Zudem verklebt die Wundauflage nicht mit der Wunde.<\/p>\n","protected":false},"featured_media":0,"template":"","meta":{"_acf_changed":false},"product_brand":[],"product_cat":[796],"product_tag":[],"class_list":{"0":"post-62553","1":"product","2":"type-product","3":"status-publish","5":"product_cat-w","6":"pa_packungsgroesse-1-stueck","8":"first","9":"instock","10":"shipping-taxable","11":"purchasable","12":"product-type-simple"},"acf":[],"_links":{"self":[{"href":"https:\/\/www.ernstbrunn-apotheke.at\/katalog\/wp-json\/wp\/v2\/product\/62553","targetHints":{"allow":["GET"]}}],"collection":[{"href":"https:\/\/www.ernstbrunn-apotheke.at\/katalog\/wp-json\/wp\/v2\/product"}],"about":[{"href":"https:\/\/www.ernstbrunn-apotheke.at\/katalog\/wp-json\/wp\/v2\/types\/product"}],"wp:attachment":[{"href":"https:\/\/www.ernstbrunn-apotheke.at\/katalog\/wp-json\/wp\/v2\/media?parent=62553"}],"wp:term":[{"taxonomy":"product_brand","embeddable":true,"href":"https:\/\/www.ernstbrunn-apotheke.at\/katalog\/wp-json\/wp\/v2\/product_brand?post=62553"},{"taxonomy":"product_cat","embeddable":true,"href":"https:\/\/www.ernstbrunn-apotheke.at\/katalog\/wp-json\/wp\/v2\/product_cat?post=62553"},{"taxonomy":"product_tag","embeddable":true,"href":"https:\/\/www.ernstbrunn-apotheke.at\/katalog\/wp-json\/wp\/v2\/product_tag?post=62553"}],"curies":[{"name":"wp","href":"https:\/\/api.w.org\/{rel}","templated":true}]}}