{"id":62442,"date":"2025-11-11T10:50:28","date_gmt":"2025-11-11T09:50:28","guid":{"rendered":"https:\/\/www.ernstbrunn-apotheke.at\/katalog\/produkt\/la-roche-posay-toleriane-teint-fresh-make-up-05-honey-beige-30-ml\/"},"modified":"2025-12-08T17:31:11","modified_gmt":"2025-12-08T16:31:11","slug":"la-roche-posay-toleriane-teint-fresh-make-up-05-honey-beige-30-ml","status":"publish","type":"product","link":"https:\/\/www.ernstbrunn-apotheke.at\/katalog\/produkt\/la-roche-posay-toleriane-teint-fresh-make-up-05-honey-beige-30-ml\/","title":{"rendered":"La Roche-Posay Toleriane Teint Fresh Make-Up 05 Honey Beige 30 ml"},"content":{"rendered":"<p>F\u00fcr einen ebenm\u00e4\u00dfigen, strahlenden Teint f\u00fcr empfindliche, trockene Haut. Mit LSF 20. Hyalurons\u00e4ure versorgt die Haut 12 Stunden mit Feuchtigkeit. Ultra-formbare Creme-Textur f\u00fcr ein strahlendes Finish. Erh\u00e4ltlich in 5 Nuancen.<\/p>\n","protected":false},"excerpt":{"rendered":"<p>F\u00fcr einen ebenm\u00e4\u00dfigen, strahlenden Teint f\u00fcr empfindliche, trockene Haut. Mit LSF 20. Hyalurons\u00e4ure versorgt die Haut 12 Stunden mit Feuchtigkeit. Ultra-formbare Creme-Textur f\u00fcr ein strahlendes Finish. Erh\u00e4ltlich in 5 Nuancen.<\/p>\n","protected":false},"featured_media":62444,"template":"","meta":{"_acf_changed":false},"product_brand":[677],"product_cat":[795],"product_tag":[],"class_list":{"0":"post-62442","1":"product","2":"type-product","3":"status-publish","4":"has-post-thumbnail","6":"product_brand-la-roche-posay","7":"product_cat-l","8":"pa_farbe-05-honey-beige","9":"pa_packungsgroesse-30ml","11":"first","12":"instock","13":"shipping-taxable","14":"purchasable","15":"product-type-simple"},"acf":[],"_links":{"self":[{"href":"https:\/\/www.ernstbrunn-apotheke.at\/katalog\/wp-json\/wp\/v2\/product\/62442","targetHints":{"allow":["GET"]}}],"collection":[{"href":"https:\/\/www.ernstbrunn-apotheke.at\/katalog\/wp-json\/wp\/v2\/product"}],"about":[{"href":"https:\/\/www.ernstbrunn-apotheke.at\/katalog\/wp-json\/wp\/v2\/types\/product"}],"wp:featuredmedia":[{"embeddable":true,"href":"https:\/\/www.ernstbrunn-apotheke.at\/katalog\/wp-json\/wp\/v2\/media\/62444"}],"wp:attachment":[{"href":"https:\/\/www.ernstbrunn-apotheke.at\/katalog\/wp-json\/wp\/v2\/media?parent=62442"}],"wp:term":[{"taxonomy":"product_brand","embeddable":true,"href":"https:\/\/www.ernstbrunn-apotheke.at\/katalog\/wp-json\/wp\/v2\/product_brand?post=62442"},{"taxonomy":"product_cat","embeddable":true,"href":"https:\/\/www.ernstbrunn-apotheke.at\/katalog\/wp-json\/wp\/v2\/product_cat?post=62442"},{"taxonomy":"product_tag","embeddable":true,"href":"https:\/\/www.ernstbrunn-apotheke.at\/katalog\/wp-json\/wp\/v2\/product_tag?post=62442"}],"curies":[{"name":"wp","href":"https:\/\/api.w.org\/{rel}","templated":true}]}}